{"id":1350,"date":"2022-01-14T10:40:26","date_gmt":"2022-01-14T10:40:26","guid":{"rendered":"https:\/\/www.medilas.ch\/?page_id=1350"},"modified":"2023-07-24T06:35:04","modified_gmt":"2023-07-24T06:35:04","slug":"wartungsvertrag","status":"publish","type":"page","link":"https:\/\/www.medilas.ch\/de\/wartungsvertrag\/","title":{"rendered":"Wartungsvertrag"},"content":{"rendered":"<h1><span style=\"vertical-align: inherit;\"><span style=\"vertical-align: inherit;\"><span style=\"vertical-align: inherit;\"><span style=\"vertical-align: inherit;\"><span style=\"vertical-align: inherit;\"><span style=\"vertical-align: inherit;\"><span style=\"vertical-align: inherit;\"><span style=\"vertical-align: inherit;\">Wartungsvertrag<\/span><\/span><\/span><\/span><\/span><\/span><\/span><\/span><\/h1>\n<p><span style=\"vertical-align: inherit;\"><span style=\"vertical-align: inherit;\"><span style=\"vertical-align: inherit;\"><span style=\"vertical-align: inherit;\"><span style=\"vertical-align: inherit;\"><span style=\"vertical-align: inherit;\"><span style=\"vertical-align: inherit;\"><span style=\"vertical-align: inherit;\">Der Vertrag \u00fcber die Wartung des Arzneimittels ist g\u00fcltig, wenn das Problem gel\u00f6st ist oder die Reparatur oder die M\u00fche des Unternehmens gerechtfertigt ist. <\/span><\/span><\/span><\/span><\/span><\/span><\/span><span style=\"vertical-align: inherit;\"><span style=\"vertical-align: inherit;\"><span style=\"vertical-align: inherit;\"><span style=\"vertical-align: inherit;\"><span style=\"vertical-align: inherit;\"><span style=\"vertical-align: inherit;\"><span style=\"vertical-align: inherit;\">Aufgrund der Sorgfaltspflicht des Vertrags \u00fcber die Wartung von Arzneimitteln gilt eine einheitliche Qualit\u00e4tsnorm, die zur optimalen Aufrechterhaltung des Staates und zur Reduzierung von Nutzungsrisiken erforderlich ist. <\/span><\/span><\/span><\/span><\/span><\/span><\/span><span style=\"vertical-align: inherit;\"><span style=\"vertical-align: inherit;\"><span style=\"vertical-align: inherit;\"><span style=\"vertical-align: inherit;\"><span style=\"vertical-align: inherit;\"><span style=\"vertical-align: inherit;\"><span style=\"vertical-align: inherit;\">Die f\u00fcr Sie zust\u00e4ndige Beh\u00f6rde f\u00fcr medizinisches Material verschafft Ihnen folgende Vorteile:<\/span><\/span><\/span><\/span><\/span><\/span><\/span><\/span><\/p>\n<p>Entretien et contr\u00f4le de vos dispositifs m\u00e9dicaux \u00e0 intervalles r\u00e9guliers<br \/>\nProlongation de la dur\u00e9e de vie de vos appareils<br \/>\nR\u00e9duction des d\u00e9penses administratives ainsi que les co\u00fbts planifiables pour l\u2019entretien de vos appareils<br \/>\nDocumentation du contr\u00f4le technique de s\u00e9curit\u00e9 de vos dispositifs m\u00e9dicaux conform\u00e9ment aux exigences l\u00e9gales (MepV, article 20)<br \/>\nBr\u00e8ve interruption de vos \u00e9quipements m\u00e9dicaux gr\u00e2ce \u00e0 l\u2019intervention rapide de nos techniciens de service<\/p>\n<p>Nos technicien de service sont form\u00e9s et instruits par les fabricants. La maintenance est effectu\u00e9e conform\u00e9ment aux exigences l\u00e9gales.<\/p>\n<p>Nos techniciens de service se d\u00e9marquent au travers :<\/p>\n<p>Des comp\u00e9tences<br \/>\nFiabilit\u00e9<br \/>\nConsciencieux et<br \/>\nun travail ax\u00e9 sur les clients et les solutions<\/p>\n<p>Bien entendu, nous r\u00e9pondons \u00e0 toutes les exigences de la norme ISO 13485.<\/p>\n<p>Gr\u00e2ce \u00e0 un contrat de maintenance avec medilas ag, vous pouvez vous concentrer sur le bien-\u00eatre de vos patients et nous prenons soin de vos appareils.<\/p>\n<p>&nbsp;<\/p>\n","protected":false},"excerpt":{"rendered":"<p>Wartungsvertrag Der Vertrag \u00fcber die Wartung des Arzneimittels ist g\u00fcltig, wenn das Problem gel\u00f6st ist oder die Reparatur oder die M\u00fche des Unternehmens gerechtfertigt ist. Aufgrund der Sorgfaltspflicht des Vertrags \u00fcber die Wartung von Arzneimitteln gilt eine einheitliche Qualit\u00e4tsnorm, die zur optimalen Aufrechterhaltung des Staates und zur Reduzierung von Nutzungsrisiken erforderlich ist. Die f\u00fcr Sie &hellip; <a href=\"https:\/\/www.medilas.ch\/de\/wartungsvertrag\/\">Continued<\/a><\/p>\n","protected":false},"author":1,"featured_media":0,"parent":0,"menu_order":24,"comment_status":"closed","ping_status":"closed","template":"template-content.blade.php","meta":{"inline_featured_image":false,"footnotes":""},"class_list":["post-1350","page","type-page","status-publish","hentry"],"acf":[],"yoast_head":"<!-- This site is optimized with the Yoast SEO Premium plugin v19.7 (Yoast SEO v19.7.2) - https:\/\/yoast.com\/wordpress\/plugins\/seo\/ -->\n<title>Wartungsvertrag - Medilas AG - Bringing greater vision to everyone<\/title>\n<meta name=\"robots\" content=\"index, follow, max-snippet:-1, max-image-preview:large, max-video-preview:-1\" \/>\n<link rel=\"canonical\" href=\"https:\/\/www.medilas.ch\/de\/wartungsvertrag\/\" \/>\n<meta property=\"og:locale\" content=\"de_DE\" \/>\n<meta property=\"og:type\" content=\"article\" \/>\n<meta property=\"og:title\" content=\"Wartungsvertrag - Medilas AG - Bringing greater vision to everyone\" \/>\n<meta property=\"og:description\" content=\"Wartungsvertrag Der Vertrag \u00fcber die Wartung des Arzneimittels ist g\u00fcltig, wenn das Problem gel\u00f6st ist oder die Reparatur oder die M\u00fche des Unternehmens gerechtfertigt ist. Aufgrund der Sorgfaltspflicht des Vertrags \u00fcber die Wartung von Arzneimitteln gilt eine einheitliche Qualit\u00e4tsnorm, die zur optimalen Aufrechterhaltung des Staates und zur Reduzierung von Nutzungsrisiken erforderlich ist. Die f\u00fcr Sie &hellip; Continued\" \/>\n<meta property=\"og:url\" content=\"https:\/\/www.medilas.ch\/de\/wartungsvertrag\/\" \/>\n<meta property=\"og:site_name\" content=\"Medilas AG - Bringing greater vision to everyone\" \/>\n<meta property=\"article:modified_time\" content=\"2023-07-24T06:35:04+00:00\" \/>\n<meta name=\"twitter:card\" content=\"summary_large_image\" \/>\n<meta name=\"twitter:label1\" content=\"Gesch\u00e4tzte Lesezeit\" \/>\n\t<meta name=\"twitter:data1\" content=\"1\u00a0Minute\" \/>\n<script type=\"application\/ld+json\" class=\"yoast-schema-graph\">{\"@context\":\"https:\/\/schema.org\",\"@graph\":[{\"@type\":\"WebPage\",\"@id\":\"https:\/\/www.medilas.ch\/de\/wartungsvertrag\/\",\"url\":\"https:\/\/www.medilas.ch\/de\/wartungsvertrag\/\",\"name\":\"Wartungsvertrag - Medilas AG - Bringing greater vision to everyone\",\"isPartOf\":{\"@id\":\"https:\/\/www.medilas.ch\/#website\"},\"datePublished\":\"2022-01-14T10:40:26+00:00\",\"dateModified\":\"2023-07-24T06:35:04+00:00\",\"breadcrumb\":{\"@id\":\"https:\/\/www.medilas.ch\/de\/wartungsvertrag\/#breadcrumb\"},\"inLanguage\":\"de\",\"potentialAction\":[{\"@type\":\"ReadAction\",\"target\":[\"https:\/\/www.medilas.ch\/de\/wartungsvertrag\/\"]}]},{\"@type\":\"BreadcrumbList\",\"@id\":\"https:\/\/www.medilas.ch\/de\/wartungsvertrag\/#breadcrumb\",\"itemListElement\":[{\"@type\":\"ListItem\",\"position\":1,\"name\":\"Wartungsvertrag\"}]},{\"@type\":\"WebSite\",\"@id\":\"https:\/\/www.medilas.ch\/#website\",\"url\":\"https:\/\/www.medilas.ch\/\",\"name\":\"Medilas AG - Bringing greater vision to everyone\",\"description\":\"Depuis plus de 30 ans, medilas ag est un partenaire fiable dans les domaines de la chirurgie ophtalmologique, des \u00e9quipements de cabinet et ...\",\"publisher\":{\"@id\":\"https:\/\/www.medilas.ch\/#organization\"},\"potentialAction\":[{\"@type\":\"SearchAction\",\"target\":{\"@type\":\"EntryPoint\",\"urlTemplate\":\"https:\/\/www.medilas.ch\/?s={search_term_string}\"},\"query-input\":\"required name=search_term_string\"}],\"inLanguage\":\"de\"},{\"@type\":\"Organization\",\"@id\":\"https:\/\/www.medilas.ch\/#organization\",\"name\":\"Medilas AG - Bringing greater vision to everyone\",\"url\":\"https:\/\/www.medilas.ch\/\",\"sameAs\":[\"https:\/\/ch.linkedin.com\/company\/medilas-ag\",\"https:\/\/www.youtube.com\/channel\/UCr-j80Si7PRuen2oDG4fU_g\"],\"logo\":{\"@type\":\"ImageObject\",\"inLanguage\":\"de\",\"@id\":\"https:\/\/www.medilas.ch\/#\/schema\/logo\/image\/\",\"url\":\"https:\/\/www.medilas.ch\/app\/uploads\/2022\/01\/logo-medilas-1.svg\",\"contentUrl\":\"https:\/\/www.medilas.ch\/app\/uploads\/2022\/01\/logo-medilas-1.svg\",\"width\":162,\"height\":40,\"caption\":\"Medilas AG - Bringing greater vision to everyone\"},\"image\":{\"@id\":\"https:\/\/www.medilas.ch\/#\/schema\/logo\/image\/\"}}]}<\/script>\n<!-- \/ Yoast SEO Premium plugin. -->","yoast_head_json":{"title":"Wartungsvertrag - Medilas AG - Bringing greater vision to everyone","robots":{"index":"index","follow":"follow","max-snippet":"max-snippet:-1","max-image-preview":"max-image-preview:large","max-video-preview":"max-video-preview:-1"},"canonical":"https:\/\/www.medilas.ch\/de\/wartungsvertrag\/","og_locale":"de_DE","og_type":"article","og_title":"Wartungsvertrag - Medilas AG - Bringing greater vision to everyone","og_description":"Wartungsvertrag Der Vertrag \u00fcber die Wartung des Arzneimittels ist g\u00fcltig, wenn das Problem gel\u00f6st ist oder die Reparatur oder die M\u00fche des Unternehmens gerechtfertigt ist. Aufgrund der Sorgfaltspflicht des Vertrags \u00fcber die Wartung von Arzneimitteln gilt eine einheitliche Qualit\u00e4tsnorm, die zur optimalen Aufrechterhaltung des Staates und zur Reduzierung von Nutzungsrisiken erforderlich ist. Die f\u00fcr Sie &hellip; Continued","og_url":"https:\/\/www.medilas.ch\/de\/wartungsvertrag\/","og_site_name":"Medilas AG - Bringing greater vision to everyone","article_modified_time":"2023-07-24T06:35:04+00:00","twitter_card":"summary_large_image","twitter_misc":{"Gesch\u00e4tzte Lesezeit":"1\u00a0Minute"},"schema":{"@context":"https:\/\/schema.org","@graph":[{"@type":"WebPage","@id":"https:\/\/www.medilas.ch\/de\/wartungsvertrag\/","url":"https:\/\/www.medilas.ch\/de\/wartungsvertrag\/","name":"Wartungsvertrag - Medilas AG - Bringing greater vision to everyone","isPartOf":{"@id":"https:\/\/www.medilas.ch\/#website"},"datePublished":"2022-01-14T10:40:26+00:00","dateModified":"2023-07-24T06:35:04+00:00","breadcrumb":{"@id":"https:\/\/www.medilas.ch\/de\/wartungsvertrag\/#breadcrumb"},"inLanguage":"de","potentialAction":[{"@type":"ReadAction","target":["https:\/\/www.medilas.ch\/de\/wartungsvertrag\/"]}]},{"@type":"BreadcrumbList","@id":"https:\/\/www.medilas.ch\/de\/wartungsvertrag\/#breadcrumb","itemListElement":[{"@type":"ListItem","position":1,"name":"Wartungsvertrag"}]},{"@type":"WebSite","@id":"https:\/\/www.medilas.ch\/#website","url":"https:\/\/www.medilas.ch\/","name":"Medilas AG - Bringing greater vision to everyone","description":"Depuis plus de 30 ans, medilas ag est un partenaire fiable dans les domaines de la chirurgie ophtalmologique, des \u00e9quipements de cabinet et ...","publisher":{"@id":"https:\/\/www.medilas.ch\/#organization"},"potentialAction":[{"@type":"SearchAction","target":{"@type":"EntryPoint","urlTemplate":"https:\/\/www.medilas.ch\/?s={search_term_string}"},"query-input":"required name=search_term_string"}],"inLanguage":"de"},{"@type":"Organization","@id":"https:\/\/www.medilas.ch\/#organization","name":"Medilas AG - Bringing greater vision to everyone","url":"https:\/\/www.medilas.ch\/","sameAs":["https:\/\/ch.linkedin.com\/company\/medilas-ag","https:\/\/www.youtube.com\/channel\/UCr-j80Si7PRuen2oDG4fU_g"],"logo":{"@type":"ImageObject","inLanguage":"de","@id":"https:\/\/www.medilas.ch\/#\/schema\/logo\/image\/","url":"https:\/\/www.medilas.ch\/app\/uploads\/2022\/01\/logo-medilas-1.svg","contentUrl":"https:\/\/www.medilas.ch\/app\/uploads\/2022\/01\/logo-medilas-1.svg","width":162,"height":40,"caption":"Medilas AG - Bringing greater vision to everyone"},"image":{"@id":"https:\/\/www.medilas.ch\/#\/schema\/logo\/image\/"}}]}},"_links":{"self":[{"href":"https:\/\/www.medilas.ch\/de\/wp-json\/wp\/v2\/pages\/1350","targetHints":{"allow":["GET"]}}],"collection":[{"href":"https:\/\/www.medilas.ch\/de\/wp-json\/wp\/v2\/pages"}],"about":[{"href":"https:\/\/www.medilas.ch\/de\/wp-json\/wp\/v2\/types\/page"}],"author":[{"embeddable":true,"href":"https:\/\/www.medilas.ch\/de\/wp-json\/wp\/v2\/users\/1"}],"replies":[{"embeddable":true,"href":"https:\/\/www.medilas.ch\/de\/wp-json\/wp\/v2\/comments?post=1350"}],"version-history":[{"count":43,"href":"https:\/\/www.medilas.ch\/de\/wp-json\/wp\/v2\/pages\/1350\/revisions"}],"predecessor-version":[{"id":4863,"href":"https:\/\/www.medilas.ch\/de\/wp-json\/wp\/v2\/pages\/1350\/revisions\/4863"}],"wp:attachment":[{"href":"https:\/\/www.medilas.ch\/de\/wp-json\/wp\/v2\/media?parent=1350"}],"curies":[{"name":"wp","href":"https:\/\/api.w.org\/{rel}","templated":true}]}}