{"id":4363,"date":"2023-03-27T09:35:37","date_gmt":"2023-03-27T09:35:37","guid":{"rendered":"https:\/\/www.medilas.ch\/?page_id=4363"},"modified":"2023-06-28T08:20:21","modified_gmt":"2023-06-28T08:20:21","slug":"trockene-augen","status":"publish","type":"page","link":"https:\/\/www.medilas.ch\/de\/trockene-augen\/","title":{"rendered":"Trockene Augen"},"content":{"rendered":"<h1>Contrat de maintenance<\/h1>\n<p>Le contrat de maintenance de medilas fixe, quand, par qui et le cas \u00e9ch\u00e9ant \u00e9galement o\u00f9 doit se faire la r\u00e9paration ou le travail d\u2019entretien. Par le biais du contrat de maintenance de medilas, il y a une norme de qualit\u00e9 uniforme impos\u00e9e pour le maintien de l\u2019\u00e9tat optimal et la r\u00e9duction des risques li\u00e9s \u00e0 l\u2019usure. L\u2019entretien r\u00e9gulier du mat\u00e9riel m\u00e9dical vous procurera les avantages suivants :<\/p>\n<p>Entretien et contr\u00f4le de vos dispositifs m\u00e9dicaux \u00e0 intervalles r\u00e9guliers<br \/>\nProlongation de la dur\u00e9e de vie de vos appareils<br \/>\nR\u00e9duction des d\u00e9penses administratives ainsi que les co\u00fbts planifiables pour l\u2019entretien de vos appareils<br \/>\nDocumentation du contr\u00f4le technique de s\u00e9curit\u00e9 de vos dispositifs m\u00e9dicaux conform\u00e9ment aux exigences l\u00e9gales (MepV, article 20)<br \/>\nBr\u00e8ve interruption de vos \u00e9quipements m\u00e9dicaux gr\u00e2ce \u00e0 l\u2019intervention rapide de nos techniciens de service<\/p>\n<p>Nos technicien de service sont form\u00e9s et instruits par les fabricants. La maintenance est effectu\u00e9e conform\u00e9ment aux exigences l\u00e9gales.<\/p>\n<p>Nos techniciens de service se d\u00e9marquent au travers :<\/p>\n<p>Des comp\u00e9tences<br \/>\nFiabilit\u00e9<br \/>\nConsciencieux et<br \/>\nun travail ax\u00e9 sur les clients et les solutions<\/p>\n<p><span style=\"vertical-align: inherit;\"><span style=\"vertical-align: inherit;\">Gut verstanden, wir antworten auf alle Anforderungen der Norm ISO 13485.<\/span><\/span><\/p>\n<p><span style=\"vertical-align: inherit;\"><span style=\"vertical-align: inherit;\">Im Rahmen eines Wartungsvertrags mit Medilas AG k\u00f6nnen Sie sich auf das Wohlergehen Ihrer Patienten konzentrieren und uns auf Ihre Ger\u00e4te verlassen.<\/span><\/span><\/p>\n<p>&nbsp;<\/p>\n","protected":false},"excerpt":{"rendered":"<p>Contrat de maintenance Le contrat de maintenance de medilas fixe, quand, par qui et le cas \u00e9ch\u00e9ant \u00e9galement o\u00f9 doit se faire la r\u00e9paration ou le travail d\u2019entretien. Par le biais du contrat de maintenance de medilas, il y a une norme de qualit\u00e9 uniforme impos\u00e9e pour le maintien de l\u2019\u00e9tat optimal et la r\u00e9duction &hellip; <a href=\"https:\/\/www.medilas.ch\/de\/trockene-augen\/\">Continued<\/a><\/p>\n","protected":false},"author":3,"featured_media":0,"parent":0,"menu_order":2,"comment_status":"closed","ping_status":"closed","template":"template-content.blade.php","meta":{"inline_featured_image":false,"footnotes":""},"class_list":["post-4363","page","type-page","status-publish","hentry"],"acf":[],"yoast_head":"<!-- This site is optimized with the Yoast SEO Premium plugin v19.7 (Yoast SEO v19.7.2) - https:\/\/yoast.com\/wordpress\/plugins\/seo\/ -->\n<title>Trockene Augen - Medilas AG - Bringing greater vision to everyone<\/title>\n<meta name=\"robots\" content=\"index, follow, max-snippet:-1, max-image-preview:large, max-video-preview:-1\" \/>\n<link rel=\"canonical\" href=\"https:\/\/www.medilas.ch\/de\/trockene-augen\/\" \/>\n<meta property=\"og:locale\" content=\"de_DE\" \/>\n<meta property=\"og:type\" content=\"article\" \/>\n<meta property=\"og:title\" content=\"Trockene Augen - Medilas AG - Bringing greater vision to everyone\" \/>\n<meta property=\"og:description\" content=\"Contrat de maintenance Le contrat de maintenance de medilas fixe, quand, par qui et le cas \u00e9ch\u00e9ant \u00e9galement o\u00f9 doit se faire la r\u00e9paration ou le travail d\u2019entretien. Par le biais du contrat de maintenance de medilas, il y a une norme de qualit\u00e9 uniforme impos\u00e9e pour le maintien de l\u2019\u00e9tat optimal et la r\u00e9duction &hellip; Continued\" \/>\n<meta property=\"og:url\" content=\"https:\/\/www.medilas.ch\/de\/trockene-augen\/\" \/>\n<meta property=\"og:site_name\" content=\"Medilas AG - Bringing greater vision to everyone\" \/>\n<meta property=\"article:modified_time\" content=\"2023-06-28T08:20:21+00:00\" \/>\n<meta name=\"twitter:card\" content=\"summary_large_image\" \/>\n<meta name=\"twitter:label1\" content=\"Gesch\u00e4tzte Lesezeit\" \/>\n\t<meta name=\"twitter:data1\" content=\"1\u00a0Minute\" \/>\n<script type=\"application\/ld+json\" class=\"yoast-schema-graph\">{\"@context\":\"https:\/\/schema.org\",\"@graph\":[{\"@type\":\"WebPage\",\"@id\":\"https:\/\/www.medilas.ch\/de\/trockene-augen\/\",\"url\":\"https:\/\/www.medilas.ch\/de\/trockene-augen\/\",\"name\":\"Trockene Augen - Medilas AG - Bringing greater vision to everyone\",\"isPartOf\":{\"@id\":\"https:\/\/www.medilas.ch\/#website\"},\"datePublished\":\"2023-03-27T09:35:37+00:00\",\"dateModified\":\"2023-06-28T08:20:21+00:00\",\"breadcrumb\":{\"@id\":\"https:\/\/www.medilas.ch\/de\/trockene-augen\/#breadcrumb\"},\"inLanguage\":\"de\",\"potentialAction\":[{\"@type\":\"ReadAction\",\"target\":[\"https:\/\/www.medilas.ch\/de\/trockene-augen\/\"]}]},{\"@type\":\"BreadcrumbList\",\"@id\":\"https:\/\/www.medilas.ch\/de\/trockene-augen\/#breadcrumb\",\"itemListElement\":[{\"@type\":\"ListItem\",\"position\":1,\"name\":\"Trockene Augen\"}]},{\"@type\":\"WebSite\",\"@id\":\"https:\/\/www.medilas.ch\/#website\",\"url\":\"https:\/\/www.medilas.ch\/\",\"name\":\"Medilas AG - Bringing greater vision to everyone\",\"description\":\"Depuis plus de 30 ans, medilas ag est un partenaire fiable dans les domaines de la chirurgie ophtalmologique, des \u00e9quipements de cabinet et ...\",\"publisher\":{\"@id\":\"https:\/\/www.medilas.ch\/#organization\"},\"potentialAction\":[{\"@type\":\"SearchAction\",\"target\":{\"@type\":\"EntryPoint\",\"urlTemplate\":\"https:\/\/www.medilas.ch\/?s={search_term_string}\"},\"query-input\":\"required name=search_term_string\"}],\"inLanguage\":\"de\"},{\"@type\":\"Organization\",\"@id\":\"https:\/\/www.medilas.ch\/#organization\",\"name\":\"Medilas AG - Bringing greater vision to everyone\",\"url\":\"https:\/\/www.medilas.ch\/\",\"sameAs\":[\"https:\/\/ch.linkedin.com\/company\/medilas-ag\",\"https:\/\/www.youtube.com\/channel\/UCr-j80Si7PRuen2oDG4fU_g\"],\"logo\":{\"@type\":\"ImageObject\",\"inLanguage\":\"de\",\"@id\":\"https:\/\/www.medilas.ch\/#\/schema\/logo\/image\/\",\"url\":\"https:\/\/www.medilas.ch\/app\/uploads\/2022\/01\/logo-medilas-1.svg\",\"contentUrl\":\"https:\/\/www.medilas.ch\/app\/uploads\/2022\/01\/logo-medilas-1.svg\",\"width\":162,\"height\":40,\"caption\":\"Medilas AG - Bringing greater vision to everyone\"},\"image\":{\"@id\":\"https:\/\/www.medilas.ch\/#\/schema\/logo\/image\/\"}}]}<\/script>\n<!-- \/ Yoast SEO Premium plugin. -->","yoast_head_json":{"title":"Trockene Augen - Medilas AG - Bringing greater vision to everyone","robots":{"index":"index","follow":"follow","max-snippet":"max-snippet:-1","max-image-preview":"max-image-preview:large","max-video-preview":"max-video-preview:-1"},"canonical":"https:\/\/www.medilas.ch\/de\/trockene-augen\/","og_locale":"de_DE","og_type":"article","og_title":"Trockene Augen - Medilas AG - Bringing greater vision to everyone","og_description":"Contrat de maintenance Le contrat de maintenance de medilas fixe, quand, par qui et le cas \u00e9ch\u00e9ant \u00e9galement o\u00f9 doit se faire la r\u00e9paration ou le travail d\u2019entretien. Par le biais du contrat de maintenance de medilas, il y a une norme de qualit\u00e9 uniforme impos\u00e9e pour le maintien de l\u2019\u00e9tat optimal et la r\u00e9duction &hellip; Continued","og_url":"https:\/\/www.medilas.ch\/de\/trockene-augen\/","og_site_name":"Medilas AG - Bringing greater vision to everyone","article_modified_time":"2023-06-28T08:20:21+00:00","twitter_card":"summary_large_image","twitter_misc":{"Gesch\u00e4tzte Lesezeit":"1\u00a0Minute"},"schema":{"@context":"https:\/\/schema.org","@graph":[{"@type":"WebPage","@id":"https:\/\/www.medilas.ch\/de\/trockene-augen\/","url":"https:\/\/www.medilas.ch\/de\/trockene-augen\/","name":"Trockene Augen - Medilas AG - Bringing greater vision to everyone","isPartOf":{"@id":"https:\/\/www.medilas.ch\/#website"},"datePublished":"2023-03-27T09:35:37+00:00","dateModified":"2023-06-28T08:20:21+00:00","breadcrumb":{"@id":"https:\/\/www.medilas.ch\/de\/trockene-augen\/#breadcrumb"},"inLanguage":"de","potentialAction":[{"@type":"ReadAction","target":["https:\/\/www.medilas.ch\/de\/trockene-augen\/"]}]},{"@type":"BreadcrumbList","@id":"https:\/\/www.medilas.ch\/de\/trockene-augen\/#breadcrumb","itemListElement":[{"@type":"ListItem","position":1,"name":"Trockene Augen"}]},{"@type":"WebSite","@id":"https:\/\/www.medilas.ch\/#website","url":"https:\/\/www.medilas.ch\/","name":"Medilas AG - Bringing greater vision to everyone","description":"Depuis plus de 30 ans, medilas ag est un partenaire fiable dans les domaines de la chirurgie ophtalmologique, des \u00e9quipements de cabinet et ...","publisher":{"@id":"https:\/\/www.medilas.ch\/#organization"},"potentialAction":[{"@type":"SearchAction","target":{"@type":"EntryPoint","urlTemplate":"https:\/\/www.medilas.ch\/?s={search_term_string}"},"query-input":"required name=search_term_string"}],"inLanguage":"de"},{"@type":"Organization","@id":"https:\/\/www.medilas.ch\/#organization","name":"Medilas AG - Bringing greater vision to everyone","url":"https:\/\/www.medilas.ch\/","sameAs":["https:\/\/ch.linkedin.com\/company\/medilas-ag","https:\/\/www.youtube.com\/channel\/UCr-j80Si7PRuen2oDG4fU_g"],"logo":{"@type":"ImageObject","inLanguage":"de","@id":"https:\/\/www.medilas.ch\/#\/schema\/logo\/image\/","url":"https:\/\/www.medilas.ch\/app\/uploads\/2022\/01\/logo-medilas-1.svg","contentUrl":"https:\/\/www.medilas.ch\/app\/uploads\/2022\/01\/logo-medilas-1.svg","width":162,"height":40,"caption":"Medilas AG - Bringing greater vision to everyone"},"image":{"@id":"https:\/\/www.medilas.ch\/#\/schema\/logo\/image\/"}}]}},"_links":{"self":[{"href":"https:\/\/www.medilas.ch\/de\/wp-json\/wp\/v2\/pages\/4363","targetHints":{"allow":["GET"]}}],"collection":[{"href":"https:\/\/www.medilas.ch\/de\/wp-json\/wp\/v2\/pages"}],"about":[{"href":"https:\/\/www.medilas.ch\/de\/wp-json\/wp\/v2\/types\/page"}],"author":[{"embeddable":true,"href":"https:\/\/www.medilas.ch\/de\/wp-json\/wp\/v2\/users\/3"}],"replies":[{"embeddable":true,"href":"https:\/\/www.medilas.ch\/de\/wp-json\/wp\/v2\/comments?post=4363"}],"version-history":[{"count":36,"href":"https:\/\/www.medilas.ch\/de\/wp-json\/wp\/v2\/pages\/4363\/revisions"}],"predecessor-version":[{"id":4716,"href":"https:\/\/www.medilas.ch\/de\/wp-json\/wp\/v2\/pages\/4363\/revisions\/4716"}],"wp:attachment":[{"href":"https:\/\/www.medilas.ch\/de\/wp-json\/wp\/v2\/media?parent=4363"}],"curies":[{"name":"wp","href":"https:\/\/api.w.org\/{rel}","templated":true}]}}