{"id":7768,"date":"2025-07-17T12:06:23","date_gmt":"2025-07-17T12:06:23","guid":{"rendered":"https:\/\/www.medilas.ch\/?page_id=7768"},"modified":"2025-09-16T13:32:16","modified_gmt":"2025-09-16T13:32:16","slug":"showroom","status":"publish","type":"page","link":"https:\/\/www.medilas.ch\/de\/showroom\/","title":{"rendered":"Showroom"},"content":{"rendered":"<h2>Willkommen im Medilas Showroom \u2013 Ihre Welt der Ophthalmologie-Technologie<\/h2>\n<h3>Erleben Sie modernste Medizintechnik live vor Ort!<\/h3>\n<p>In unserem exklusiven Showroom in Schlieren pr\u00e4sentieren wir Ihnen eine breite Auswahl an hochmodernen Ger\u00e4ten f\u00fcr die Ophthalmologie. Ob Augen\u00e4rzt:innen, Optometrist:innen oder Fachpersonal \u2013 bei uns haben Sie die M\u00f6glichkeit, innovative Technologien in einer realit\u00e4tsnahen Umgebung zu testen, sich individuell beraten zu lassen und die f\u00fcr Sie passenden L\u00f6sungen zu finden.<\/p>\n<p><em>Medilas AG<\/em><br \/>\n<em>Z\u00fcrcherstrasse 39E, 8952 Schlieren<\/em><\/p>\n<p><strong>Was Sie erwartet:<\/strong><\/p>\n<ul>\n<li>Live-Demonstrationen modernster ophthalmologischer Ger\u00e4te<\/li>\n<li>Individuelle Fachberatung durch unsere Produktexpert:innen<\/li>\n<li>Hands-on-Erlebnis \u2013 testen Sie die Ger\u00e4te direkt vor Ort<\/li>\n<li>Unverbindliche Terminvereinbarung f\u00fcr Einzel- oder Gruppentermine<\/li>\n<\/ul>\n<p><strong>Jetzt Termin buchen!<\/strong><br \/>\nVereinbaren Sie noch heute Ihren pers\u00f6nlichen Besuch in unserem Showroom. Wir freuen uns darauf, Sie bei der Auswahl der optimalen Technologie f\u00fcr Ihre Praxis zu unterst\u00fctzen.<br \/>\n<!-- Elfsight Form Builder | Showroom - Demo Booking --><script src=\"https:\/\/static.elfsight.com\/platform\/platform.js\" async><\/script><\/p>\n<div class=\"elfsight-app-33db8e64-8dbd-4ab2-b064-cef239a0364b\" data-elfsight-app-lazy=\"\"><\/div>\n","protected":false},"excerpt":{"rendered":"<p>Willkommen im Medilas Showroom \u2013 Ihre Welt der Ophthalmologie-Technologie Erleben Sie modernste Medizintechnik live vor Ort! In unserem exklusiven Showroom in Schlieren pr\u00e4sentieren wir Ihnen eine breite Auswahl an hochmodernen Ger\u00e4ten f\u00fcr die Ophthalmologie. Ob Augen\u00e4rzt:innen, Optometrist:innen oder Fachpersonal \u2013 bei uns haben Sie die M\u00f6glichkeit, innovative Technologien in einer realit\u00e4tsnahen Umgebung zu testen, sich &hellip; <a href=\"https:\/\/www.medilas.ch\/de\/showroom\/\">Continued<\/a><\/p>\n","protected":false},"author":11,"featured_media":0,"parent":0,"menu_order":0,"comment_status":"closed","ping_status":"closed","template":"template-content.blade.php","meta":{"inline_featured_image":false,"footnotes":""},"class_list":["post-7768","page","type-page","status-publish","hentry"],"acf":[],"yoast_head":"<!-- This site is optimized with the Yoast SEO Premium plugin v19.7 (Yoast SEO v19.7.2) - https:\/\/yoast.com\/wordpress\/plugins\/seo\/ -->\n<title>Erlebe modernste Medizintechnik vor Ort - Showroom Medilas AG<\/title>\n<meta name=\"robots\" content=\"index, follow, max-snippet:-1, max-image-preview:large, max-video-preview:-1\" \/>\n<link rel=\"canonical\" href=\"https:\/\/www.medilas.ch\/de\/showroom\/\" \/>\n<meta property=\"og:locale\" content=\"de_DE\" \/>\n<meta property=\"og:type\" content=\"article\" \/>\n<meta property=\"og:title\" content=\"Erlebe modernste Medizintechnik vor Ort - Showroom Medilas AG\" \/>\n<meta property=\"og:description\" content=\"Willkommen im Medilas Showroom \u2013 Ihre Welt der Ophthalmologie-Technologie Erleben Sie modernste Medizintechnik live vor Ort! In unserem exklusiven Showroom in Schlieren pr\u00e4sentieren wir Ihnen eine breite Auswahl an hochmodernen Ger\u00e4ten f\u00fcr die Ophthalmologie. Ob Augen\u00e4rzt:innen, Optometrist:innen oder Fachpersonal \u2013 bei uns haben Sie die M\u00f6glichkeit, innovative Technologien in einer realit\u00e4tsnahen Umgebung zu testen, sich &hellip; Continued\" \/>\n<meta property=\"og:url\" content=\"https:\/\/www.medilas.ch\/de\/showroom\/\" \/>\n<meta property=\"og:site_name\" content=\"Medilas AG - Bringing greater vision to everyone\" \/>\n<meta property=\"article:modified_time\" content=\"2025-09-16T13:32:16+00:00\" \/>\n<meta name=\"twitter:card\" content=\"summary_large_image\" \/>\n<meta name=\"twitter:label1\" content=\"Gesch\u00e4tzte Lesezeit\" \/>\n\t<meta name=\"twitter:data1\" content=\"1\u00a0Minute\" \/>\n<script type=\"application\/ld+json\" class=\"yoast-schema-graph\">{\"@context\":\"https:\/\/schema.org\",\"@graph\":[{\"@type\":\"WebPage\",\"@id\":\"https:\/\/www.medilas.ch\/de\/showroom\/\",\"url\":\"https:\/\/www.medilas.ch\/de\/showroom\/\",\"name\":\"Erlebe modernste Medizintechnik vor Ort - Showroom Medilas AG\",\"isPartOf\":{\"@id\":\"https:\/\/www.medilas.ch\/#website\"},\"datePublished\":\"2025-07-17T12:06:23+00:00\",\"dateModified\":\"2025-09-16T13:32:16+00:00\",\"breadcrumb\":{\"@id\":\"https:\/\/www.medilas.ch\/de\/showroom\/#breadcrumb\"},\"inLanguage\":\"de\",\"potentialAction\":[{\"@type\":\"ReadAction\",\"target\":[\"https:\/\/www.medilas.ch\/de\/showroom\/\"]}]},{\"@type\":\"BreadcrumbList\",\"@id\":\"https:\/\/www.medilas.ch\/de\/showroom\/#breadcrumb\",\"itemListElement\":[{\"@type\":\"ListItem\",\"position\":1,\"name\":\"Showroom\"}]},{\"@type\":\"WebSite\",\"@id\":\"https:\/\/www.medilas.ch\/#website\",\"url\":\"https:\/\/www.medilas.ch\/\",\"name\":\"Medilas AG - Bringing greater vision to everyone\",\"description\":\"Depuis plus de 30 ans, medilas ag est un partenaire fiable dans les domaines de la chirurgie ophtalmologique, des \u00e9quipements de cabinet et ...\",\"publisher\":{\"@id\":\"https:\/\/www.medilas.ch\/#organization\"},\"potentialAction\":[{\"@type\":\"SearchAction\",\"target\":{\"@type\":\"EntryPoint\",\"urlTemplate\":\"https:\/\/www.medilas.ch\/?s={search_term_string}\"},\"query-input\":\"required name=search_term_string\"}],\"inLanguage\":\"de\"},{\"@type\":\"Organization\",\"@id\":\"https:\/\/www.medilas.ch\/#organization\",\"name\":\"Medilas AG - Bringing greater vision to everyone\",\"url\":\"https:\/\/www.medilas.ch\/\",\"sameAs\":[\"https:\/\/ch.linkedin.com\/company\/medilas-ag\",\"https:\/\/www.youtube.com\/channel\/UCr-j80Si7PRuen2oDG4fU_g\"],\"logo\":{\"@type\":\"ImageObject\",\"inLanguage\":\"de\",\"@id\":\"https:\/\/www.medilas.ch\/#\/schema\/logo\/image\/\",\"url\":\"https:\/\/www.medilas.ch\/app\/uploads\/2022\/01\/logo-medilas-1.svg\",\"contentUrl\":\"https:\/\/www.medilas.ch\/app\/uploads\/2022\/01\/logo-medilas-1.svg\",\"width\":162,\"height\":40,\"caption\":\"Medilas AG - Bringing greater vision to everyone\"},\"image\":{\"@id\":\"https:\/\/www.medilas.ch\/#\/schema\/logo\/image\/\"}}]}<\/script>\n<!-- \/ Yoast SEO Premium plugin. -->","yoast_head_json":{"title":"Erlebe modernste Medizintechnik vor Ort - Showroom Medilas AG","robots":{"index":"index","follow":"follow","max-snippet":"max-snippet:-1","max-image-preview":"max-image-preview:large","max-video-preview":"max-video-preview:-1"},"canonical":"https:\/\/www.medilas.ch\/de\/showroom\/","og_locale":"de_DE","og_type":"article","og_title":"Erlebe modernste Medizintechnik vor Ort - Showroom Medilas AG","og_description":"Willkommen im Medilas Showroom \u2013 Ihre Welt der Ophthalmologie-Technologie Erleben Sie modernste Medizintechnik live vor Ort! In unserem exklusiven Showroom in Schlieren pr\u00e4sentieren wir Ihnen eine breite Auswahl an hochmodernen Ger\u00e4ten f\u00fcr die Ophthalmologie. Ob Augen\u00e4rzt:innen, Optometrist:innen oder Fachpersonal \u2013 bei uns haben Sie die M\u00f6glichkeit, innovative Technologien in einer realit\u00e4tsnahen Umgebung zu testen, sich &hellip; Continued","og_url":"https:\/\/www.medilas.ch\/de\/showroom\/","og_site_name":"Medilas AG - Bringing greater vision to everyone","article_modified_time":"2025-09-16T13:32:16+00:00","twitter_card":"summary_large_image","twitter_misc":{"Gesch\u00e4tzte Lesezeit":"1\u00a0Minute"},"schema":{"@context":"https:\/\/schema.org","@graph":[{"@type":"WebPage","@id":"https:\/\/www.medilas.ch\/de\/showroom\/","url":"https:\/\/www.medilas.ch\/de\/showroom\/","name":"Erlebe modernste Medizintechnik vor Ort - Showroom Medilas AG","isPartOf":{"@id":"https:\/\/www.medilas.ch\/#website"},"datePublished":"2025-07-17T12:06:23+00:00","dateModified":"2025-09-16T13:32:16+00:00","breadcrumb":{"@id":"https:\/\/www.medilas.ch\/de\/showroom\/#breadcrumb"},"inLanguage":"de","potentialAction":[{"@type":"ReadAction","target":["https:\/\/www.medilas.ch\/de\/showroom\/"]}]},{"@type":"BreadcrumbList","@id":"https:\/\/www.medilas.ch\/de\/showroom\/#breadcrumb","itemListElement":[{"@type":"ListItem","position":1,"name":"Showroom"}]},{"@type":"WebSite","@id":"https:\/\/www.medilas.ch\/#website","url":"https:\/\/www.medilas.ch\/","name":"Medilas AG - Bringing greater vision to everyone","description":"Depuis plus de 30 ans, medilas ag est un partenaire fiable dans les domaines de la chirurgie ophtalmologique, des \u00e9quipements de cabinet et ...","publisher":{"@id":"https:\/\/www.medilas.ch\/#organization"},"potentialAction":[{"@type":"SearchAction","target":{"@type":"EntryPoint","urlTemplate":"https:\/\/www.medilas.ch\/?s={search_term_string}"},"query-input":"required name=search_term_string"}],"inLanguage":"de"},{"@type":"Organization","@id":"https:\/\/www.medilas.ch\/#organization","name":"Medilas AG - Bringing greater vision to everyone","url":"https:\/\/www.medilas.ch\/","sameAs":["https:\/\/ch.linkedin.com\/company\/medilas-ag","https:\/\/www.youtube.com\/channel\/UCr-j80Si7PRuen2oDG4fU_g"],"logo":{"@type":"ImageObject","inLanguage":"de","@id":"https:\/\/www.medilas.ch\/#\/schema\/logo\/image\/","url":"https:\/\/www.medilas.ch\/app\/uploads\/2022\/01\/logo-medilas-1.svg","contentUrl":"https:\/\/www.medilas.ch\/app\/uploads\/2022\/01\/logo-medilas-1.svg","width":162,"height":40,"caption":"Medilas AG - Bringing greater vision to everyone"},"image":{"@id":"https:\/\/www.medilas.ch\/#\/schema\/logo\/image\/"}}]}},"_links":{"self":[{"href":"https:\/\/www.medilas.ch\/de\/wp-json\/wp\/v2\/pages\/7768","targetHints":{"allow":["GET"]}}],"collection":[{"href":"https:\/\/www.medilas.ch\/de\/wp-json\/wp\/v2\/pages"}],"about":[{"href":"https:\/\/www.medilas.ch\/de\/wp-json\/wp\/v2\/types\/page"}],"author":[{"embeddable":true,"href":"https:\/\/www.medilas.ch\/de\/wp-json\/wp\/v2\/users\/11"}],"replies":[{"embeddable":true,"href":"https:\/\/www.medilas.ch\/de\/wp-json\/wp\/v2\/comments?post=7768"}],"version-history":[{"count":19,"href":"https:\/\/www.medilas.ch\/de\/wp-json\/wp\/v2\/pages\/7768\/revisions"}],"predecessor-version":[{"id":8078,"href":"https:\/\/www.medilas.ch\/de\/wp-json\/wp\/v2\/pages\/7768\/revisions\/8078"}],"wp:attachment":[{"href":"https:\/\/www.medilas.ch\/de\/wp-json\/wp\/v2\/media?parent=7768"}],"curies":[{"name":"wp","href":"https:\/\/api.w.org\/{rel}","templated":true}]}}