{"id":2627,"date":"2022-01-14T07:12:47","date_gmt":"2022-01-14T07:12:47","guid":{"rendered":"https:\/\/www.medilas.ch\/product\/excel-lens-capsulaser\/"},"modified":"2024-11-26T12:41:54","modified_gmt":"2024-11-26T12:41:54","slug":"rx-laser-by-helix-surgical","status":"publish","type":"product","link":"https:\/\/www.medilas.ch\/de\/product\/rx-laser-by-helix-surgical\/","title":{"rendered":"Helix Rx \u2013 Femtolaser"},"content":{"rendered":"","protected":false},"excerpt":{"rendered":"","protected":false},"featured_media":5754,"template":"","meta":{"inline_featured_image":false,"footnotes":""},"product-category":[75,89,113,129],"class_list":["post-2627","product","type-product","status-publish","has-post-thumbnail","hentry","product-category-chirurgie-de","product-category-gerate-verbrauchsmaterial","product-category-laser-de","product-category-produkte-de"],"acf":[],"yoast_head":"<!-- This site is optimized with the Yoast SEO Premium plugin v19.7 (Yoast SEO v19.7.2) - https:\/\/yoast.com\/wordpress\/plugins\/seo\/ -->\n<title>Helix Rx \u2013 Femtolaser - Medilas AG - Bringing greater vision to everyone<\/title>\n<meta name=\"description\" content=\"Die Kapsulotomie der Zukunft wird durch den Helix Surgical Rx revolutioniert, ein handgef\u00fchrtes, batteriebetriebenes Femtolaser-Instrument, das pr\u00e4zise und reproduzierbare Kapsulotomien in nur einer Sekunde erm\u00f6glicht. Dieses innovative Ger\u00e4t integriert sich nahtlos in den chirurgischen Workflow und bietet eine einfache Handhabung sowie eine patientenfreundliche Schnittstelle. Es ist kosteneffizient und stellt sicher, dass sowohl Patienten als auch Chirurgen von der fortschrittlichen Technologie profitieren. Helix Rx \u2013 Femtolaser - %\" \/>\n<meta name=\"robots\" content=\"index, follow, max-snippet:-1, max-image-preview:large, max-video-preview:-1\" \/>\n<link rel=\"canonical\" href=\"https:\/\/www.medilas.ch\/de\/product\/rx-laser-by-helix-surgical\/\" \/>\n<meta property=\"og:locale\" content=\"de_DE\" \/>\n<meta property=\"og:type\" content=\"article\" \/>\n<meta property=\"og:title\" content=\"Helix Rx \u2013 Femtolaser - Medilas AG - Bringing greater vision to everyone\" \/>\n<meta property=\"og:description\" content=\"Die Kapsulotomie der Zukunft wird durch den Helix Surgical Rx revolutioniert, ein handgef\u00fchrtes, batteriebetriebenes Femtolaser-Instrument, das pr\u00e4zise und reproduzierbare Kapsulotomien in nur einer Sekunde erm\u00f6glicht. Dieses innovative Ger\u00e4t integriert sich nahtlos in den chirurgischen Workflow und bietet eine einfache Handhabung sowie eine patientenfreundliche Schnittstelle. Es ist kosteneffizient und stellt sicher, dass sowohl Patienten als auch Chirurgen von der fortschrittlichen Technologie profitieren. Helix Rx \u2013 Femtolaser - %\" \/>\n<meta property=\"og:url\" content=\"https:\/\/www.medilas.ch\/de\/product\/rx-laser-by-helix-surgical\/\" \/>\n<meta property=\"og:site_name\" content=\"Medilas AG - Bringing greater vision to everyone\" \/>\n<meta property=\"article:modified_time\" content=\"2024-11-26T12:41:54+00:00\" \/>\n<meta property=\"og:image\" content=\"https:\/\/www.medilas.ch\/app\/uploads\/2022\/01\/HELIX-Surgical-Rx_2023_Medilas_.png\" \/>\n\t<meta property=\"og:image:width\" content=\"1440\" \/>\n\t<meta property=\"og:image:height\" content=\"1920\" \/>\n\t<meta property=\"og:image:type\" content=\"image\/png\" \/>\n<meta name=\"twitter:card\" content=\"summary_large_image\" \/>\n<script type=\"application\/ld+json\" class=\"yoast-schema-graph\">{\"@context\":\"https:\/\/schema.org\",\"@graph\":[{\"@type\":\"WebPage\",\"@id\":\"https:\/\/www.medilas.ch\/de\/product\/rx-laser-by-helix-surgical\/\",\"url\":\"https:\/\/www.medilas.ch\/de\/product\/rx-laser-by-helix-surgical\/\",\"name\":\"Helix Rx \u2013 Femtolaser - Medilas AG - Bringing greater vision to everyone\",\"isPartOf\":{\"@id\":\"https:\/\/www.medilas.ch\/#website\"},\"datePublished\":\"2022-01-14T07:12:47+00:00\",\"dateModified\":\"2024-11-26T12:41:54+00:00\",\"description\":\"Die Kapsulotomie der Zukunft wird durch den Helix Surgical Rx revolutioniert, ein handgef\u00fchrtes, batteriebetriebenes Femtolaser-Instrument, das pr\u00e4zise und reproduzierbare Kapsulotomien in nur einer Sekunde erm\u00f6glicht. Dieses innovative Ger\u00e4t integriert sich nahtlos in den chirurgischen Workflow und bietet eine einfache Handhabung sowie eine patientenfreundliche Schnittstelle. Es ist kosteneffizient und stellt sicher, dass sowohl Patienten als auch Chirurgen von der fortschrittlichen Technologie profitieren. Helix Rx \u2013 Femtolaser - %\",\"breadcrumb\":{\"@id\":\"https:\/\/www.medilas.ch\/de\/product\/rx-laser-by-helix-surgical\/#breadcrumb\"},\"inLanguage\":\"de\",\"potentialAction\":[{\"@type\":\"ReadAction\",\"target\":[\"https:\/\/www.medilas.ch\/de\/product\/rx-laser-by-helix-surgical\/\"]}]},{\"@type\":\"BreadcrumbList\",\"@id\":\"https:\/\/www.medilas.ch\/de\/product\/rx-laser-by-helix-surgical\/#breadcrumb\",\"itemListElement\":[{\"@type\":\"ListItem\",\"position\":1,\"name\":\"Products\",\"item\":\"https:\/\/www.medilas.ch\/product\/\"},{\"@type\":\"ListItem\",\"position\":2,\"name\":\"Helix Rx \u2013 Femtolaser\"}]},{\"@type\":\"WebSite\",\"@id\":\"https:\/\/www.medilas.ch\/#website\",\"url\":\"https:\/\/www.medilas.ch\/\",\"name\":\"Medilas AG - Bringing greater vision to everyone\",\"description\":\"Depuis plus de 30 ans, medilas ag est un partenaire fiable dans les domaines de la chirurgie ophtalmologique, des \u00e9quipements de cabinet et ...\",\"publisher\":{\"@id\":\"https:\/\/www.medilas.ch\/#organization\"},\"potentialAction\":[{\"@type\":\"SearchAction\",\"target\":{\"@type\":\"EntryPoint\",\"urlTemplate\":\"https:\/\/www.medilas.ch\/?s={search_term_string}\"},\"query-input\":\"required name=search_term_string\"}],\"inLanguage\":\"de\"},{\"@type\":\"Organization\",\"@id\":\"https:\/\/www.medilas.ch\/#organization\",\"name\":\"Medilas AG - Bringing greater vision to everyone\",\"url\":\"https:\/\/www.medilas.ch\/\",\"sameAs\":[\"https:\/\/ch.linkedin.com\/company\/medilas-ag\",\"https:\/\/www.youtube.com\/channel\/UCr-j80Si7PRuen2oDG4fU_g\"],\"logo\":{\"@type\":\"ImageObject\",\"inLanguage\":\"de\",\"@id\":\"https:\/\/www.medilas.ch\/#\/schema\/logo\/image\/\",\"url\":\"https:\/\/www.medilas.ch\/app\/uploads\/2022\/01\/logo-medilas-1.svg\",\"contentUrl\":\"https:\/\/www.medilas.ch\/app\/uploads\/2022\/01\/logo-medilas-1.svg\",\"width\":162,\"height\":40,\"caption\":\"Medilas AG - Bringing greater vision to everyone\"},\"image\":{\"@id\":\"https:\/\/www.medilas.ch\/#\/schema\/logo\/image\/\"}}]}<\/script>\n<!-- \/ Yoast SEO Premium plugin. -->","yoast_head_json":{"title":"Helix Rx \u2013 Femtolaser - Medilas AG - Bringing greater vision to everyone","description":"Die Kapsulotomie der Zukunft wird durch den Helix Surgical Rx revolutioniert, ein handgef\u00fchrtes, batteriebetriebenes Femtolaser-Instrument, das pr\u00e4zise und reproduzierbare Kapsulotomien in nur einer Sekunde erm\u00f6glicht. Dieses innovative Ger\u00e4t integriert sich nahtlos in den chirurgischen Workflow und bietet eine einfache Handhabung sowie eine patientenfreundliche Schnittstelle. Es ist kosteneffizient und stellt sicher, dass sowohl Patienten als auch Chirurgen von der fortschrittlichen Technologie profitieren. Helix Rx \u2013 Femtolaser - %","robots":{"index":"index","follow":"follow","max-snippet":"max-snippet:-1","max-image-preview":"max-image-preview:large","max-video-preview":"max-video-preview:-1"},"canonical":"https:\/\/www.medilas.ch\/de\/product\/rx-laser-by-helix-surgical\/","og_locale":"de_DE","og_type":"article","og_title":"Helix Rx \u2013 Femtolaser - Medilas AG - Bringing greater vision to everyone","og_description":"Die Kapsulotomie der Zukunft wird durch den Helix Surgical Rx revolutioniert, ein handgef\u00fchrtes, batteriebetriebenes Femtolaser-Instrument, das pr\u00e4zise und reproduzierbare Kapsulotomien in nur einer Sekunde erm\u00f6glicht. Dieses innovative Ger\u00e4t integriert sich nahtlos in den chirurgischen Workflow und bietet eine einfache Handhabung sowie eine patientenfreundliche Schnittstelle. Es ist kosteneffizient und stellt sicher, dass sowohl Patienten als auch Chirurgen von der fortschrittlichen Technologie profitieren. Helix Rx \u2013 Femtolaser - %","og_url":"https:\/\/www.medilas.ch\/de\/product\/rx-laser-by-helix-surgical\/","og_site_name":"Medilas AG - Bringing greater vision to everyone","article_modified_time":"2024-11-26T12:41:54+00:00","og_image":[{"width":1440,"height":1920,"url":"https:\/\/www.medilas.ch\/app\/uploads\/2022\/01\/HELIX-Surgical-Rx_2023_Medilas_.png","type":"image\/png"}],"twitter_card":"summary_large_image","schema":{"@context":"https:\/\/schema.org","@graph":[{"@type":"WebPage","@id":"https:\/\/www.medilas.ch\/de\/product\/rx-laser-by-helix-surgical\/","url":"https:\/\/www.medilas.ch\/de\/product\/rx-laser-by-helix-surgical\/","name":"Helix Rx \u2013 Femtolaser - Medilas AG - Bringing greater vision to everyone","isPartOf":{"@id":"https:\/\/www.medilas.ch\/#website"},"datePublished":"2022-01-14T07:12:47+00:00","dateModified":"2024-11-26T12:41:54+00:00","description":"Die Kapsulotomie der Zukunft wird durch den Helix Surgical Rx revolutioniert, ein handgef\u00fchrtes, batteriebetriebenes Femtolaser-Instrument, das pr\u00e4zise und reproduzierbare Kapsulotomien in nur einer Sekunde erm\u00f6glicht. Dieses innovative Ger\u00e4t integriert sich nahtlos in den chirurgischen Workflow und bietet eine einfache Handhabung sowie eine patientenfreundliche Schnittstelle. Es ist kosteneffizient und stellt sicher, dass sowohl Patienten als auch Chirurgen von der fortschrittlichen Technologie profitieren. Helix Rx \u2013 Femtolaser - %","breadcrumb":{"@id":"https:\/\/www.medilas.ch\/de\/product\/rx-laser-by-helix-surgical\/#breadcrumb"},"inLanguage":"de","potentialAction":[{"@type":"ReadAction","target":["https:\/\/www.medilas.ch\/de\/product\/rx-laser-by-helix-surgical\/"]}]},{"@type":"BreadcrumbList","@id":"https:\/\/www.medilas.ch\/de\/product\/rx-laser-by-helix-surgical\/#breadcrumb","itemListElement":[{"@type":"ListItem","position":1,"name":"Products","item":"https:\/\/www.medilas.ch\/product\/"},{"@type":"ListItem","position":2,"name":"Helix Rx \u2013 Femtolaser"}]},{"@type":"WebSite","@id":"https:\/\/www.medilas.ch\/#website","url":"https:\/\/www.medilas.ch\/","name":"Medilas AG - Bringing greater vision to everyone","description":"Depuis plus de 30 ans, medilas ag est un partenaire fiable dans les domaines de la chirurgie ophtalmologique, des \u00e9quipements de cabinet et ...","publisher":{"@id":"https:\/\/www.medilas.ch\/#organization"},"potentialAction":[{"@type":"SearchAction","target":{"@type":"EntryPoint","urlTemplate":"https:\/\/www.medilas.ch\/?s={search_term_string}"},"query-input":"required name=search_term_string"}],"inLanguage":"de"},{"@type":"Organization","@id":"https:\/\/www.medilas.ch\/#organization","name":"Medilas AG - Bringing greater vision to everyone","url":"https:\/\/www.medilas.ch\/","sameAs":["https:\/\/ch.linkedin.com\/company\/medilas-ag","https:\/\/www.youtube.com\/channel\/UCr-j80Si7PRuen2oDG4fU_g"],"logo":{"@type":"ImageObject","inLanguage":"de","@id":"https:\/\/www.medilas.ch\/#\/schema\/logo\/image\/","url":"https:\/\/www.medilas.ch\/app\/uploads\/2022\/01\/logo-medilas-1.svg","contentUrl":"https:\/\/www.medilas.ch\/app\/uploads\/2022\/01\/logo-medilas-1.svg","width":162,"height":40,"caption":"Medilas AG - Bringing greater vision to everyone"},"image":{"@id":"https:\/\/www.medilas.ch\/#\/schema\/logo\/image\/"}}]}},"_links":{"self":[{"href":"https:\/\/www.medilas.ch\/de\/wp-json\/wp\/v2\/product\/2627","targetHints":{"allow":["GET"]}}],"collection":[{"href":"https:\/\/www.medilas.ch\/de\/wp-json\/wp\/v2\/product"}],"about":[{"href":"https:\/\/www.medilas.ch\/de\/wp-json\/wp\/v2\/types\/product"}],"version-history":[{"count":20,"href":"https:\/\/www.medilas.ch\/de\/wp-json\/wp\/v2\/product\/2627\/revisions"}],"predecessor-version":[{"id":6838,"href":"https:\/\/www.medilas.ch\/de\/wp-json\/wp\/v2\/product\/2627\/revisions\/6838"}],"wp:featuredmedia":[{"embeddable":true,"href":"https:\/\/www.medilas.ch\/de\/wp-json\/wp\/v2\/media\/5754"}],"wp:attachment":[{"href":"https:\/\/www.medilas.ch\/de\/wp-json\/wp\/v2\/media?parent=2627"}],"wp:term":[{"taxonomy":"product-category","embeddable":true,"href":"https:\/\/www.medilas.ch\/de\/wp-json\/wp\/v2\/product-category?post=2627"}],"curies":[{"name":"wp","href":"https:\/\/api.w.org\/{rel}","templated":true}]}}