{"id":2677,"date":"2022-01-14T08:01:58","date_gmt":"2022-01-14T08:01:58","guid":{"rendered":"https:\/\/www.medilas.ch\/product\/keeler-cryomatic-mkii\/"},"modified":"2026-03-05T09:15:04","modified_gmt":"2026-03-05T09:15:04","slug":"keeler-cryomatic-mkii","status":"publish","type":"product","link":"https:\/\/www.medilas.ch\/de\/product\/keeler-cryomatic-mkii\/","title":{"rendered":"Keeler Cryomatic MkII"},"content":{"rendered":"","protected":false},"excerpt":{"rendered":"","protected":false},"featured_media":8954,"template":"","meta":{"inline_featured_image":false,"footnotes":""},"product-category":[75,89,116,129],"class_list":["post-2677","product","type-product","status-publish","has-post-thumbnail","hentry","product-category-chirurgie-de","product-category-gerate-verbrauchsmaterial","product-category-kryo","product-category-produkte-de"],"acf":[],"yoast_head":"<!-- This site is optimized with the Yoast SEO Premium plugin v19.7 (Yoast SEO v19.7.2) - https:\/\/yoast.com\/wordpress\/plugins\/seo\/ -->\n<title>Keeler Cryomatic MkII - Medilas AG - Bringing greater vision to everyone<\/title>\n<meta name=\"description\" content=\"Einf\u00fchrung unseres vielseitigsten und zuverl\u00e4ssigsten Kryosystems. Mit \u00fcber 50 Jahren Erfahrung bietet Keeler Ltd hochwertige ophthalmologische Ger\u00e4te, hergestellt in Gro\u00dfbritannien und den USA. Das Cryomatic MK II ist kompatibel mit wiederverwendbaren und Einwegsonden und bietet eine \u00fcberlegene Behandlung f\u00fcr verschiedene Netzhauterkrankungen. Lokale Wartung und Unterst\u00fctzung verf\u00fcgbar.\" \/>\n<meta name=\"robots\" content=\"index, follow, max-snippet:-1, max-image-preview:large, max-video-preview:-1\" \/>\n<link rel=\"canonical\" href=\"https:\/\/www.medilas.ch\/de\/product\/keeler-cryomatic-mkii\/\" \/>\n<meta property=\"og:locale\" content=\"de_DE\" \/>\n<meta property=\"og:type\" content=\"article\" \/>\n<meta property=\"og:title\" content=\"Keeler Cryomatic MkII - Medilas AG - Bringing greater vision to everyone\" \/>\n<meta property=\"og:description\" content=\"Einf\u00fchrung unseres vielseitigsten und zuverl\u00e4ssigsten Kryosystems. Mit \u00fcber 50 Jahren Erfahrung bietet Keeler Ltd hochwertige ophthalmologische Ger\u00e4te, hergestellt in Gro\u00dfbritannien und den USA. Das Cryomatic MK II ist kompatibel mit wiederverwendbaren und Einwegsonden und bietet eine \u00fcberlegene Behandlung f\u00fcr verschiedene Netzhauterkrankungen. Lokale Wartung und Unterst\u00fctzung verf\u00fcgbar.\" \/>\n<meta property=\"og:url\" content=\"https:\/\/www.medilas.ch\/de\/product\/keeler-cryomatic-mkii\/\" \/>\n<meta property=\"og:site_name\" content=\"Medilas AG - Bringing greater vision to everyone\" \/>\n<meta property=\"article:modified_time\" content=\"2026-03-05T09:15:04+00:00\" \/>\n<meta property=\"og:image\" content=\"https:\/\/www.medilas.ch\/app\/uploads\/2022\/01\/Keeler-CMKII-HR-2.jpg\" \/>\n\t<meta property=\"og:image:width\" content=\"1920\" \/>\n\t<meta property=\"og:image:height\" content=\"1280\" \/>\n\t<meta property=\"og:image:type\" content=\"image\/jpeg\" \/>\n<meta name=\"twitter:card\" content=\"summary_large_image\" \/>\n<script type=\"application\/ld+json\" class=\"yoast-schema-graph\">{\"@context\":\"https:\/\/schema.org\",\"@graph\":[{\"@type\":\"WebPage\",\"@id\":\"https:\/\/www.medilas.ch\/de\/product\/keeler-cryomatic-mkii\/\",\"url\":\"https:\/\/www.medilas.ch\/de\/product\/keeler-cryomatic-mkii\/\",\"name\":\"Keeler Cryomatic MkII - Medilas AG - Bringing greater vision to everyone\",\"isPartOf\":{\"@id\":\"https:\/\/www.medilas.ch\/#website\"},\"datePublished\":\"2022-01-14T08:01:58+00:00\",\"dateModified\":\"2026-03-05T09:15:04+00:00\",\"description\":\"Einf\u00fchrung unseres vielseitigsten und zuverl\u00e4ssigsten Kryosystems. Mit \u00fcber 50 Jahren Erfahrung bietet Keeler Ltd hochwertige ophthalmologische Ger\u00e4te, hergestellt in Gro\u00dfbritannien und den USA. Das Cryomatic MK II ist kompatibel mit wiederverwendbaren und Einwegsonden und bietet eine \u00fcberlegene Behandlung f\u00fcr verschiedene Netzhauterkrankungen. Lokale Wartung und Unterst\u00fctzung verf\u00fcgbar.\",\"breadcrumb\":{\"@id\":\"https:\/\/www.medilas.ch\/de\/product\/keeler-cryomatic-mkii\/#breadcrumb\"},\"inLanguage\":\"de\",\"potentialAction\":[{\"@type\":\"ReadAction\",\"target\":[\"https:\/\/www.medilas.ch\/de\/product\/keeler-cryomatic-mkii\/\"]}]},{\"@type\":\"BreadcrumbList\",\"@id\":\"https:\/\/www.medilas.ch\/de\/product\/keeler-cryomatic-mkii\/#breadcrumb\",\"itemListElement\":[{\"@type\":\"ListItem\",\"position\":1,\"name\":\"Products\",\"item\":\"https:\/\/www.medilas.ch\/product\/\"},{\"@type\":\"ListItem\",\"position\":2,\"name\":\"Keeler Cryomatic MkII\"}]},{\"@type\":\"WebSite\",\"@id\":\"https:\/\/www.medilas.ch\/#website\",\"url\":\"https:\/\/www.medilas.ch\/\",\"name\":\"Medilas AG - Bringing greater vision to everyone\",\"description\":\"Depuis plus de 30 ans, medilas ag est un partenaire fiable dans les domaines de la chirurgie ophtalmologique, des \u00e9quipements de cabinet et ...\",\"publisher\":{\"@id\":\"https:\/\/www.medilas.ch\/#organization\"},\"potentialAction\":[{\"@type\":\"SearchAction\",\"target\":{\"@type\":\"EntryPoint\",\"urlTemplate\":\"https:\/\/www.medilas.ch\/?s={search_term_string}\"},\"query-input\":\"required name=search_term_string\"}],\"inLanguage\":\"de\"},{\"@type\":\"Organization\",\"@id\":\"https:\/\/www.medilas.ch\/#organization\",\"name\":\"Medilas AG - Bringing greater vision to everyone\",\"url\":\"https:\/\/www.medilas.ch\/\",\"sameAs\":[\"https:\/\/ch.linkedin.com\/company\/medilas-ag\",\"https:\/\/www.youtube.com\/channel\/UCr-j80Si7PRuen2oDG4fU_g\"],\"logo\":{\"@type\":\"ImageObject\",\"inLanguage\":\"de\",\"@id\":\"https:\/\/www.medilas.ch\/#\/schema\/logo\/image\/\",\"url\":\"https:\/\/www.medilas.ch\/app\/uploads\/2022\/01\/logo-medilas-1.svg\",\"contentUrl\":\"https:\/\/www.medilas.ch\/app\/uploads\/2022\/01\/logo-medilas-1.svg\",\"width\":162,\"height\":40,\"caption\":\"Medilas AG - Bringing greater vision to everyone\"},\"image\":{\"@id\":\"https:\/\/www.medilas.ch\/#\/schema\/logo\/image\/\"}}]}<\/script>\n<!-- \/ Yoast SEO Premium plugin. -->","yoast_head_json":{"title":"Keeler Cryomatic MkII - Medilas AG - Bringing greater vision to everyone","description":"Einf\u00fchrung unseres vielseitigsten und zuverl\u00e4ssigsten Kryosystems. Mit \u00fcber 50 Jahren Erfahrung bietet Keeler Ltd hochwertige ophthalmologische Ger\u00e4te, hergestellt in Gro\u00dfbritannien und den USA. Das Cryomatic MK II ist kompatibel mit wiederverwendbaren und Einwegsonden und bietet eine \u00fcberlegene Behandlung f\u00fcr verschiedene Netzhauterkrankungen. Lokale Wartung und Unterst\u00fctzung verf\u00fcgbar.","robots":{"index":"index","follow":"follow","max-snippet":"max-snippet:-1","max-image-preview":"max-image-preview:large","max-video-preview":"max-video-preview:-1"},"canonical":"https:\/\/www.medilas.ch\/de\/product\/keeler-cryomatic-mkii\/","og_locale":"de_DE","og_type":"article","og_title":"Keeler Cryomatic MkII - Medilas AG - Bringing greater vision to everyone","og_description":"Einf\u00fchrung unseres vielseitigsten und zuverl\u00e4ssigsten Kryosystems. Mit \u00fcber 50 Jahren Erfahrung bietet Keeler Ltd hochwertige ophthalmologische Ger\u00e4te, hergestellt in Gro\u00dfbritannien und den USA. Das Cryomatic MK II ist kompatibel mit wiederverwendbaren und Einwegsonden und bietet eine \u00fcberlegene Behandlung f\u00fcr verschiedene Netzhauterkrankungen. Lokale Wartung und Unterst\u00fctzung verf\u00fcgbar.","og_url":"https:\/\/www.medilas.ch\/de\/product\/keeler-cryomatic-mkii\/","og_site_name":"Medilas AG - Bringing greater vision to everyone","article_modified_time":"2026-03-05T09:15:04+00:00","og_image":[{"width":1920,"height":1280,"url":"https:\/\/www.medilas.ch\/app\/uploads\/2022\/01\/Keeler-CMKII-HR-2.jpg","type":"image\/jpeg"}],"twitter_card":"summary_large_image","schema":{"@context":"https:\/\/schema.org","@graph":[{"@type":"WebPage","@id":"https:\/\/www.medilas.ch\/de\/product\/keeler-cryomatic-mkii\/","url":"https:\/\/www.medilas.ch\/de\/product\/keeler-cryomatic-mkii\/","name":"Keeler Cryomatic MkII - Medilas AG - Bringing greater vision to everyone","isPartOf":{"@id":"https:\/\/www.medilas.ch\/#website"},"datePublished":"2022-01-14T08:01:58+00:00","dateModified":"2026-03-05T09:15:04+00:00","description":"Einf\u00fchrung unseres vielseitigsten und zuverl\u00e4ssigsten Kryosystems. Mit \u00fcber 50 Jahren Erfahrung bietet Keeler Ltd hochwertige ophthalmologische Ger\u00e4te, hergestellt in Gro\u00dfbritannien und den USA. Das Cryomatic MK II ist kompatibel mit wiederverwendbaren und Einwegsonden und bietet eine \u00fcberlegene Behandlung f\u00fcr verschiedene Netzhauterkrankungen. Lokale Wartung und Unterst\u00fctzung verf\u00fcgbar.","breadcrumb":{"@id":"https:\/\/www.medilas.ch\/de\/product\/keeler-cryomatic-mkii\/#breadcrumb"},"inLanguage":"de","potentialAction":[{"@type":"ReadAction","target":["https:\/\/www.medilas.ch\/de\/product\/keeler-cryomatic-mkii\/"]}]},{"@type":"BreadcrumbList","@id":"https:\/\/www.medilas.ch\/de\/product\/keeler-cryomatic-mkii\/#breadcrumb","itemListElement":[{"@type":"ListItem","position":1,"name":"Products","item":"https:\/\/www.medilas.ch\/product\/"},{"@type":"ListItem","position":2,"name":"Keeler Cryomatic MkII"}]},{"@type":"WebSite","@id":"https:\/\/www.medilas.ch\/#website","url":"https:\/\/www.medilas.ch\/","name":"Medilas AG - Bringing greater vision to everyone","description":"Depuis plus de 30 ans, medilas ag est un partenaire fiable dans les domaines de la chirurgie ophtalmologique, des \u00e9quipements de cabinet et ...","publisher":{"@id":"https:\/\/www.medilas.ch\/#organization"},"potentialAction":[{"@type":"SearchAction","target":{"@type":"EntryPoint","urlTemplate":"https:\/\/www.medilas.ch\/?s={search_term_string}"},"query-input":"required name=search_term_string"}],"inLanguage":"de"},{"@type":"Organization","@id":"https:\/\/www.medilas.ch\/#organization","name":"Medilas AG - Bringing greater vision to everyone","url":"https:\/\/www.medilas.ch\/","sameAs":["https:\/\/ch.linkedin.com\/company\/medilas-ag","https:\/\/www.youtube.com\/channel\/UCr-j80Si7PRuen2oDG4fU_g"],"logo":{"@type":"ImageObject","inLanguage":"de","@id":"https:\/\/www.medilas.ch\/#\/schema\/logo\/image\/","url":"https:\/\/www.medilas.ch\/app\/uploads\/2022\/01\/logo-medilas-1.svg","contentUrl":"https:\/\/www.medilas.ch\/app\/uploads\/2022\/01\/logo-medilas-1.svg","width":162,"height":40,"caption":"Medilas AG - Bringing greater vision to everyone"},"image":{"@id":"https:\/\/www.medilas.ch\/#\/schema\/logo\/image\/"}}]}},"_links":{"self":[{"href":"https:\/\/www.medilas.ch\/de\/wp-json\/wp\/v2\/product\/2677","targetHints":{"allow":["GET"]}}],"collection":[{"href":"https:\/\/www.medilas.ch\/de\/wp-json\/wp\/v2\/product"}],"about":[{"href":"https:\/\/www.medilas.ch\/de\/wp-json\/wp\/v2\/types\/product"}],"version-history":[{"count":3,"href":"https:\/\/www.medilas.ch\/de\/wp-json\/wp\/v2\/product\/2677\/revisions"}],"predecessor-version":[{"id":8958,"href":"https:\/\/www.medilas.ch\/de\/wp-json\/wp\/v2\/product\/2677\/revisions\/8958"}],"wp:featuredmedia":[{"embeddable":true,"href":"https:\/\/www.medilas.ch\/de\/wp-json\/wp\/v2\/media\/8954"}],"wp:attachment":[{"href":"https:\/\/www.medilas.ch\/de\/wp-json\/wp\/v2\/media?parent=2677"}],"wp:term":[{"taxonomy":"product-category","embeddable":true,"href":"https:\/\/www.medilas.ch\/de\/wp-json\/wp\/v2\/product-category?post=2677"}],"curies":[{"name":"wp","href":"https:\/\/api.w.org\/{rel}","templated":true}]}}