{"id":3056,"date":"2022-01-14T16:57:57","date_gmt":"2022-01-14T16:57:57","guid":{"rendered":"https:\/\/www.medilas.ch\/product\/wagner-guder-cubelite\/"},"modified":"2025-10-30T10:39:11","modified_gmt":"2025-10-30T10:39:11","slug":"wagner-guder-cubelite","status":"publish","type":"product","link":"https:\/\/www.medilas.ch\/de\/product\/wagner-guder-cubelite\/","title":{"rendered":"Wagner Guder cubeLITE"},"content":{"rendered":"","protected":false},"excerpt":{"rendered":"","protected":false},"featured_media":8219,"template":"","meta":{"inline_featured_image":false,"footnotes":""},"product-category":[71,129,85],"class_list":["post-3056","product","type-product","status-publish","has-post-thumbnail","hentry","product-category-praxis","product-category-produkte-de","product-category-untersuchungseinheit"],"acf":[],"yoast_head":"<!-- This site is optimized with the Yoast SEO Premium plugin v19.7 (Yoast SEO v19.7.2) - https:\/\/yoast.com\/wordpress\/plugins\/seo\/ -->\n<title>Wagner Guder cubeLITE - Medilas AG - Bringing greater vision to everyone<\/title>\n<meta name=\"description\" content=\"Medilas AG - Bringing greater vision to everyone Wagner Guder cubeLITE Die kleinste Einheit der cube-Serie von Wagner &amp; Guder Medical \u00fcberzeugt durch ihre kompakte Bauweise und einfache Handhabung. Ideal f\u00fcr kleine Refraktionsr\u00e4ume, individuell konfigurierbar mit manuellem Phoropterarm, Schubladen f\u00fcr Gl\u00e4serkasten und integrierter Leselampe.\" \/>\n<meta name=\"robots\" content=\"index, follow, max-snippet:-1, max-image-preview:large, max-video-preview:-1\" \/>\n<link rel=\"canonical\" href=\"https:\/\/www.medilas.ch\/de\/product\/wagner-guder-cubelite\/\" \/>\n<meta property=\"og:locale\" content=\"de_DE\" \/>\n<meta property=\"og:type\" content=\"article\" \/>\n<meta property=\"og:title\" content=\"Wagner Guder cubeLITE - Medilas AG - Bringing greater vision to everyone\" \/>\n<meta property=\"og:description\" content=\"Medilas AG - Bringing greater vision to everyone Wagner Guder cubeLITE Die kleinste Einheit der cube-Serie von Wagner &amp; Guder Medical \u00fcberzeugt durch ihre kompakte Bauweise und einfache Handhabung. Ideal f\u00fcr kleine Refraktionsr\u00e4ume, individuell konfigurierbar mit manuellem Phoropterarm, Schubladen f\u00fcr Gl\u00e4serkasten und integrierter Leselampe.\" \/>\n<meta property=\"og:url\" content=\"https:\/\/www.medilas.ch\/de\/product\/wagner-guder-cubelite\/\" \/>\n<meta property=\"og:site_name\" content=\"Medilas AG - Bringing greater vision to everyone\" \/>\n<meta property=\"article:modified_time\" content=\"2025-10-30T10:39:11+00:00\" \/>\n<meta property=\"og:image\" content=\"https:\/\/www.medilas.ch\/app\/uploads\/2022\/01\/wagnergudercubelLTE_1_medilasag.webp\" \/>\n\t<meta property=\"og:image:width\" content=\"660\" \/>\n\t<meta property=\"og:image:height\" content=\"660\" \/>\n\t<meta property=\"og:image:type\" content=\"image\/webp\" \/>\n<meta name=\"twitter:card\" content=\"summary_large_image\" \/>\n<script type=\"application\/ld+json\" class=\"yoast-schema-graph\">{\"@context\":\"https:\/\/schema.org\",\"@graph\":[{\"@type\":\"WebPage\",\"@id\":\"https:\/\/www.medilas.ch\/de\/product\/wagner-guder-cubelite\/\",\"url\":\"https:\/\/www.medilas.ch\/de\/product\/wagner-guder-cubelite\/\",\"name\":\"Wagner Guder cubeLITE - Medilas AG - Bringing greater vision to everyone\",\"isPartOf\":{\"@id\":\"https:\/\/www.medilas.ch\/#website\"},\"datePublished\":\"2022-01-14T16:57:57+00:00\",\"dateModified\":\"2025-10-30T10:39:11+00:00\",\"description\":\"Medilas AG - Bringing greater vision to everyone Wagner Guder cubeLITE Die kleinste Einheit der cube-Serie von Wagner & Guder Medical \u00fcberzeugt durch ihre kompakte Bauweise und einfache Handhabung. Ideal f\u00fcr kleine Refraktionsr\u00e4ume, individuell konfigurierbar mit manuellem Phoropterarm, Schubladen f\u00fcr Gl\u00e4serkasten und integrierter Leselampe.\",\"breadcrumb\":{\"@id\":\"https:\/\/www.medilas.ch\/de\/product\/wagner-guder-cubelite\/#breadcrumb\"},\"inLanguage\":\"de\",\"potentialAction\":[{\"@type\":\"ReadAction\",\"target\":[\"https:\/\/www.medilas.ch\/de\/product\/wagner-guder-cubelite\/\"]}]},{\"@type\":\"BreadcrumbList\",\"@id\":\"https:\/\/www.medilas.ch\/de\/product\/wagner-guder-cubelite\/#breadcrumb\",\"itemListElement\":[{\"@type\":\"ListItem\",\"position\":1,\"name\":\"Products\",\"item\":\"https:\/\/www.medilas.ch\/product\/\"},{\"@type\":\"ListItem\",\"position\":2,\"name\":\"Wagner Guder cubeLITE\"}]},{\"@type\":\"WebSite\",\"@id\":\"https:\/\/www.medilas.ch\/#website\",\"url\":\"https:\/\/www.medilas.ch\/\",\"name\":\"Medilas AG - Bringing greater vision to everyone\",\"description\":\"Depuis plus de 30 ans, medilas ag est un partenaire fiable dans les domaines de la chirurgie ophtalmologique, des \u00e9quipements de cabinet et ...\",\"publisher\":{\"@id\":\"https:\/\/www.medilas.ch\/#organization\"},\"potentialAction\":[{\"@type\":\"SearchAction\",\"target\":{\"@type\":\"EntryPoint\",\"urlTemplate\":\"https:\/\/www.medilas.ch\/?s={search_term_string}\"},\"query-input\":\"required name=search_term_string\"}],\"inLanguage\":\"de\"},{\"@type\":\"Organization\",\"@id\":\"https:\/\/www.medilas.ch\/#organization\",\"name\":\"Medilas AG - Bringing greater vision to everyone\",\"url\":\"https:\/\/www.medilas.ch\/\",\"sameAs\":[\"https:\/\/ch.linkedin.com\/company\/medilas-ag\",\"https:\/\/www.youtube.com\/channel\/UCr-j80Si7PRuen2oDG4fU_g\"],\"logo\":{\"@type\":\"ImageObject\",\"inLanguage\":\"de\",\"@id\":\"https:\/\/www.medilas.ch\/#\/schema\/logo\/image\/\",\"url\":\"https:\/\/www.medilas.ch\/app\/uploads\/2022\/01\/logo-medilas-1.svg\",\"contentUrl\":\"https:\/\/www.medilas.ch\/app\/uploads\/2022\/01\/logo-medilas-1.svg\",\"width\":162,\"height\":40,\"caption\":\"Medilas AG - Bringing greater vision to everyone\"},\"image\":{\"@id\":\"https:\/\/www.medilas.ch\/#\/schema\/logo\/image\/\"}}]}<\/script>\n<!-- \/ Yoast SEO Premium plugin. -->","yoast_head_json":{"title":"Wagner Guder cubeLITE - Medilas AG - Bringing greater vision to everyone","description":"Medilas AG - Bringing greater vision to everyone Wagner Guder cubeLITE Die kleinste Einheit der cube-Serie von Wagner & Guder Medical \u00fcberzeugt durch ihre kompakte Bauweise und einfache Handhabung. Ideal f\u00fcr kleine Refraktionsr\u00e4ume, individuell konfigurierbar mit manuellem Phoropterarm, Schubladen f\u00fcr Gl\u00e4serkasten und integrierter Leselampe.","robots":{"index":"index","follow":"follow","max-snippet":"max-snippet:-1","max-image-preview":"max-image-preview:large","max-video-preview":"max-video-preview:-1"},"canonical":"https:\/\/www.medilas.ch\/de\/product\/wagner-guder-cubelite\/","og_locale":"de_DE","og_type":"article","og_title":"Wagner Guder cubeLITE - Medilas AG - Bringing greater vision to everyone","og_description":"Medilas AG - Bringing greater vision to everyone Wagner Guder cubeLITE Die kleinste Einheit der cube-Serie von Wagner & Guder Medical \u00fcberzeugt durch ihre kompakte Bauweise und einfache Handhabung. Ideal f\u00fcr kleine Refraktionsr\u00e4ume, individuell konfigurierbar mit manuellem Phoropterarm, Schubladen f\u00fcr Gl\u00e4serkasten und integrierter Leselampe.","og_url":"https:\/\/www.medilas.ch\/de\/product\/wagner-guder-cubelite\/","og_site_name":"Medilas AG - Bringing greater vision to everyone","article_modified_time":"2025-10-30T10:39:11+00:00","og_image":[{"width":660,"height":660,"url":"https:\/\/www.medilas.ch\/app\/uploads\/2022\/01\/wagnergudercubelLTE_1_medilasag.webp","type":"image\/webp"}],"twitter_card":"summary_large_image","schema":{"@context":"https:\/\/schema.org","@graph":[{"@type":"WebPage","@id":"https:\/\/www.medilas.ch\/de\/product\/wagner-guder-cubelite\/","url":"https:\/\/www.medilas.ch\/de\/product\/wagner-guder-cubelite\/","name":"Wagner Guder cubeLITE - Medilas AG - Bringing greater vision to everyone","isPartOf":{"@id":"https:\/\/www.medilas.ch\/#website"},"datePublished":"2022-01-14T16:57:57+00:00","dateModified":"2025-10-30T10:39:11+00:00","description":"Medilas AG - Bringing greater vision to everyone Wagner Guder cubeLITE Die kleinste Einheit der cube-Serie von Wagner & Guder Medical \u00fcberzeugt durch ihre kompakte Bauweise und einfache Handhabung. Ideal f\u00fcr kleine Refraktionsr\u00e4ume, individuell konfigurierbar mit manuellem Phoropterarm, Schubladen f\u00fcr Gl\u00e4serkasten und integrierter Leselampe.","breadcrumb":{"@id":"https:\/\/www.medilas.ch\/de\/product\/wagner-guder-cubelite\/#breadcrumb"},"inLanguage":"de","potentialAction":[{"@type":"ReadAction","target":["https:\/\/www.medilas.ch\/de\/product\/wagner-guder-cubelite\/"]}]},{"@type":"BreadcrumbList","@id":"https:\/\/www.medilas.ch\/de\/product\/wagner-guder-cubelite\/#breadcrumb","itemListElement":[{"@type":"ListItem","position":1,"name":"Products","item":"https:\/\/www.medilas.ch\/product\/"},{"@type":"ListItem","position":2,"name":"Wagner Guder cubeLITE"}]},{"@type":"WebSite","@id":"https:\/\/www.medilas.ch\/#website","url":"https:\/\/www.medilas.ch\/","name":"Medilas AG - Bringing greater vision to everyone","description":"Depuis plus de 30 ans, medilas ag est un partenaire fiable dans les domaines de la chirurgie ophtalmologique, des \u00e9quipements de cabinet et ...","publisher":{"@id":"https:\/\/www.medilas.ch\/#organization"},"potentialAction":[{"@type":"SearchAction","target":{"@type":"EntryPoint","urlTemplate":"https:\/\/www.medilas.ch\/?s={search_term_string}"},"query-input":"required name=search_term_string"}],"inLanguage":"de"},{"@type":"Organization","@id":"https:\/\/www.medilas.ch\/#organization","name":"Medilas AG - Bringing greater vision to everyone","url":"https:\/\/www.medilas.ch\/","sameAs":["https:\/\/ch.linkedin.com\/company\/medilas-ag","https:\/\/www.youtube.com\/channel\/UCr-j80Si7PRuen2oDG4fU_g"],"logo":{"@type":"ImageObject","inLanguage":"de","@id":"https:\/\/www.medilas.ch\/#\/schema\/logo\/image\/","url":"https:\/\/www.medilas.ch\/app\/uploads\/2022\/01\/logo-medilas-1.svg","contentUrl":"https:\/\/www.medilas.ch\/app\/uploads\/2022\/01\/logo-medilas-1.svg","width":162,"height":40,"caption":"Medilas AG - Bringing greater vision to everyone"},"image":{"@id":"https:\/\/www.medilas.ch\/#\/schema\/logo\/image\/"}}]}},"_links":{"self":[{"href":"https:\/\/www.medilas.ch\/de\/wp-json\/wp\/v2\/product\/3056","targetHints":{"allow":["GET"]}}],"collection":[{"href":"https:\/\/www.medilas.ch\/de\/wp-json\/wp\/v2\/product"}],"about":[{"href":"https:\/\/www.medilas.ch\/de\/wp-json\/wp\/v2\/types\/product"}],"version-history":[{"count":1,"href":"https:\/\/www.medilas.ch\/de\/wp-json\/wp\/v2\/product\/3056\/revisions"}],"predecessor-version":[{"id":8221,"href":"https:\/\/www.medilas.ch\/de\/wp-json\/wp\/v2\/product\/3056\/revisions\/8221"}],"wp:featuredmedia":[{"embeddable":true,"href":"https:\/\/www.medilas.ch\/de\/wp-json\/wp\/v2\/media\/8219"}],"wp:attachment":[{"href":"https:\/\/www.medilas.ch\/de\/wp-json\/wp\/v2\/media?parent=3056"}],"wp:term":[{"taxonomy":"product-category","embeddable":true,"href":"https:\/\/www.medilas.ch\/de\/wp-json\/wp\/v2\/product-category?post=3056"}],"curies":[{"name":"wp","href":"https:\/\/api.w.org\/{rel}","templated":true}]}}