{"id":5040,"date":"2023-07-25T09:46:22","date_gmt":"2023-07-25T09:46:22","guid":{"rendered":"https:\/\/www.medilas.ch\/?post_type=product&#038;p=5040"},"modified":"2025-10-30T08:55:31","modified_gmt":"2025-10-30T08:55:31","slug":"protectalon","status":"publish","type":"product","link":"https:\/\/www.medilas.ch\/de\/product\/protectalon\/","title":{"rendered":"Protectalon"},"content":{"rendered":"","protected":false},"excerpt":{"rendered":"","protected":false},"featured_media":8195,"template":"","meta":{"inline_featured_image":false,"footnotes":""},"product-category":[75,88,108],"class_list":["post-5040","product","type-product","status-publish","has-post-thumbnail","hentry","product-category-chirurgie-de","product-category-flussigkeiten","product-category-viskoelastika"],"acf":[],"yoast_head":"<!-- This site is optimized with the Yoast SEO Premium plugin v19.7 (Yoast SEO v19.7.2) - https:\/\/yoast.com\/wordpress\/plugins\/seo\/ -->\n<title>Protectalon - Medilas AG - Bringing greater vision to everyone<\/title>\n<meta name=\"description\" content=\"Medilas AG - Bringing greater vision to everyone Protectalon Die Protectalon Viskoelastika-Linie bietet sieben biofermentierte Natriumhyaluronat-Konzentrationen f\u00fcr jede Phase der Kataraktoperation. Mit aussergew\u00f6hnlicher Koh\u00e4renz, zuverl\u00e4ssigem Schutz der Vorderkammer und effektiven dispersiven Eigenschaften gew\u00e4hrleisten diese OVDs h\u00f6chste Sicherheit, optimalen Endothelzellschutz und exzellente Biokompatibilit\u00e4t \u2013 f\u00fcr einen reibungslosen und sicheren Ablauf jeder Augenchirurgie._Medilas AG\" \/>\n<meta name=\"robots\" content=\"index, follow, max-snippet:-1, max-image-preview:large, max-video-preview:-1\" \/>\n<link rel=\"canonical\" href=\"https:\/\/www.medilas.ch\/de\/product\/protectalon\/\" \/>\n<meta property=\"og:locale\" content=\"de_DE\" \/>\n<meta property=\"og:type\" content=\"article\" \/>\n<meta property=\"og:title\" content=\"Protectalon - Medilas AG - Bringing greater vision to everyone\" \/>\n<meta property=\"og:description\" content=\"Medilas AG - Bringing greater vision to everyone Protectalon Die Protectalon Viskoelastika-Linie bietet sieben biofermentierte Natriumhyaluronat-Konzentrationen f\u00fcr jede Phase der Kataraktoperation. Mit aussergew\u00f6hnlicher Koh\u00e4renz, zuverl\u00e4ssigem Schutz der Vorderkammer und effektiven dispersiven Eigenschaften gew\u00e4hrleisten diese OVDs h\u00f6chste Sicherheit, optimalen Endothelzellschutz und exzellente Biokompatibilit\u00e4t \u2013 f\u00fcr einen reibungslosen und sicheren Ablauf jeder Augenchirurgie._Medilas AG\" \/>\n<meta property=\"og:url\" content=\"https:\/\/www.medilas.ch\/de\/product\/protectalon\/\" \/>\n<meta property=\"og:site_name\" content=\"Medilas AG - Bringing greater vision to everyone\" \/>\n<meta property=\"article:modified_time\" content=\"2025-10-30T08:55:31+00:00\" \/>\n<meta property=\"og:image\" content=\"https:\/\/www.medilas.ch\/app\/uploads\/2023\/07\/Protectalon-_Medilas-AG-1.webp\" \/>\n\t<meta property=\"og:image:width\" content=\"300\" \/>\n\t<meta property=\"og:image:height\" content=\"198\" \/>\n\t<meta property=\"og:image:type\" content=\"image\/webp\" \/>\n<meta name=\"twitter:card\" content=\"summary_large_image\" \/>\n<script type=\"application\/ld+json\" class=\"yoast-schema-graph\">{\"@context\":\"https:\/\/schema.org\",\"@graph\":[{\"@type\":\"WebPage\",\"@id\":\"https:\/\/www.medilas.ch\/de\/product\/protectalon\/\",\"url\":\"https:\/\/www.medilas.ch\/de\/product\/protectalon\/\",\"name\":\"Protectalon - Medilas AG - Bringing greater vision to everyone\",\"isPartOf\":{\"@id\":\"https:\/\/www.medilas.ch\/#website\"},\"datePublished\":\"2023-07-25T09:46:22+00:00\",\"dateModified\":\"2025-10-30T08:55:31+00:00\",\"description\":\"Medilas AG - Bringing greater vision to everyone Protectalon Die Protectalon Viskoelastika-Linie bietet sieben biofermentierte Natriumhyaluronat-Konzentrationen f\u00fcr jede Phase der Kataraktoperation. Mit aussergew\u00f6hnlicher Koh\u00e4renz, zuverl\u00e4ssigem Schutz der Vorderkammer und effektiven dispersiven Eigenschaften gew\u00e4hrleisten diese OVDs h\u00f6chste Sicherheit, optimalen Endothelzellschutz und exzellente Biokompatibilit\u00e4t \u2013 f\u00fcr einen reibungslosen und sicheren Ablauf jeder Augenchirurgie._Medilas AG\",\"breadcrumb\":{\"@id\":\"https:\/\/www.medilas.ch\/de\/product\/protectalon\/#breadcrumb\"},\"inLanguage\":\"de\",\"potentialAction\":[{\"@type\":\"ReadAction\",\"target\":[\"https:\/\/www.medilas.ch\/de\/product\/protectalon\/\"]}]},{\"@type\":\"BreadcrumbList\",\"@id\":\"https:\/\/www.medilas.ch\/de\/product\/protectalon\/#breadcrumb\",\"itemListElement\":[{\"@type\":\"ListItem\",\"position\":1,\"name\":\"Products\",\"item\":\"https:\/\/www.medilas.ch\/product\/\"},{\"@type\":\"ListItem\",\"position\":2,\"name\":\"Protectalon\"}]},{\"@type\":\"WebSite\",\"@id\":\"https:\/\/www.medilas.ch\/#website\",\"url\":\"https:\/\/www.medilas.ch\/\",\"name\":\"Medilas AG - Bringing greater vision to everyone\",\"description\":\"Depuis plus de 30 ans, medilas ag est un partenaire fiable dans les domaines de la chirurgie ophtalmologique, des \u00e9quipements de cabinet et ...\",\"publisher\":{\"@id\":\"https:\/\/www.medilas.ch\/#organization\"},\"potentialAction\":[{\"@type\":\"SearchAction\",\"target\":{\"@type\":\"EntryPoint\",\"urlTemplate\":\"https:\/\/www.medilas.ch\/?s={search_term_string}\"},\"query-input\":\"required name=search_term_string\"}],\"inLanguage\":\"de\"},{\"@type\":\"Organization\",\"@id\":\"https:\/\/www.medilas.ch\/#organization\",\"name\":\"Medilas AG - Bringing greater vision to everyone\",\"url\":\"https:\/\/www.medilas.ch\/\",\"sameAs\":[\"https:\/\/ch.linkedin.com\/company\/medilas-ag\",\"https:\/\/www.youtube.com\/channel\/UCr-j80Si7PRuen2oDG4fU_g\"],\"logo\":{\"@type\":\"ImageObject\",\"inLanguage\":\"de\",\"@id\":\"https:\/\/www.medilas.ch\/#\/schema\/logo\/image\/\",\"url\":\"https:\/\/www.medilas.ch\/app\/uploads\/2022\/01\/logo-medilas-1.svg\",\"contentUrl\":\"https:\/\/www.medilas.ch\/app\/uploads\/2022\/01\/logo-medilas-1.svg\",\"width\":162,\"height\":40,\"caption\":\"Medilas AG - Bringing greater vision to everyone\"},\"image\":{\"@id\":\"https:\/\/www.medilas.ch\/#\/schema\/logo\/image\/\"}}]}<\/script>\n<!-- \/ Yoast SEO Premium plugin. -->","yoast_head_json":{"title":"Protectalon - Medilas AG - Bringing greater vision to everyone","description":"Medilas AG - Bringing greater vision to everyone Protectalon Die Protectalon Viskoelastika-Linie bietet sieben biofermentierte Natriumhyaluronat-Konzentrationen f\u00fcr jede Phase der Kataraktoperation. Mit aussergew\u00f6hnlicher Koh\u00e4renz, zuverl\u00e4ssigem Schutz der Vorderkammer und effektiven dispersiven Eigenschaften gew\u00e4hrleisten diese OVDs h\u00f6chste Sicherheit, optimalen Endothelzellschutz und exzellente Biokompatibilit\u00e4t \u2013 f\u00fcr einen reibungslosen und sicheren Ablauf jeder Augenchirurgie._Medilas AG","robots":{"index":"index","follow":"follow","max-snippet":"max-snippet:-1","max-image-preview":"max-image-preview:large","max-video-preview":"max-video-preview:-1"},"canonical":"https:\/\/www.medilas.ch\/de\/product\/protectalon\/","og_locale":"de_DE","og_type":"article","og_title":"Protectalon - Medilas AG - Bringing greater vision to everyone","og_description":"Medilas AG - Bringing greater vision to everyone Protectalon Die Protectalon Viskoelastika-Linie bietet sieben biofermentierte Natriumhyaluronat-Konzentrationen f\u00fcr jede Phase der Kataraktoperation. Mit aussergew\u00f6hnlicher Koh\u00e4renz, zuverl\u00e4ssigem Schutz der Vorderkammer und effektiven dispersiven Eigenschaften gew\u00e4hrleisten diese OVDs h\u00f6chste Sicherheit, optimalen Endothelzellschutz und exzellente Biokompatibilit\u00e4t \u2013 f\u00fcr einen reibungslosen und sicheren Ablauf jeder Augenchirurgie._Medilas AG","og_url":"https:\/\/www.medilas.ch\/de\/product\/protectalon\/","og_site_name":"Medilas AG - Bringing greater vision to everyone","article_modified_time":"2025-10-30T08:55:31+00:00","og_image":[{"width":300,"height":198,"url":"https:\/\/www.medilas.ch\/app\/uploads\/2023\/07\/Protectalon-_Medilas-AG-1.webp","type":"image\/webp"}],"twitter_card":"summary_large_image","schema":{"@context":"https:\/\/schema.org","@graph":[{"@type":"WebPage","@id":"https:\/\/www.medilas.ch\/de\/product\/protectalon\/","url":"https:\/\/www.medilas.ch\/de\/product\/protectalon\/","name":"Protectalon - Medilas AG - Bringing greater vision to everyone","isPartOf":{"@id":"https:\/\/www.medilas.ch\/#website"},"datePublished":"2023-07-25T09:46:22+00:00","dateModified":"2025-10-30T08:55:31+00:00","description":"Medilas AG - Bringing greater vision to everyone Protectalon Die Protectalon Viskoelastika-Linie bietet sieben biofermentierte Natriumhyaluronat-Konzentrationen f\u00fcr jede Phase der Kataraktoperation. Mit aussergew\u00f6hnlicher Koh\u00e4renz, zuverl\u00e4ssigem Schutz der Vorderkammer und effektiven dispersiven Eigenschaften gew\u00e4hrleisten diese OVDs h\u00f6chste Sicherheit, optimalen Endothelzellschutz und exzellente Biokompatibilit\u00e4t \u2013 f\u00fcr einen reibungslosen und sicheren Ablauf jeder Augenchirurgie._Medilas AG","breadcrumb":{"@id":"https:\/\/www.medilas.ch\/de\/product\/protectalon\/#breadcrumb"},"inLanguage":"de","potentialAction":[{"@type":"ReadAction","target":["https:\/\/www.medilas.ch\/de\/product\/protectalon\/"]}]},{"@type":"BreadcrumbList","@id":"https:\/\/www.medilas.ch\/de\/product\/protectalon\/#breadcrumb","itemListElement":[{"@type":"ListItem","position":1,"name":"Products","item":"https:\/\/www.medilas.ch\/product\/"},{"@type":"ListItem","position":2,"name":"Protectalon"}]},{"@type":"WebSite","@id":"https:\/\/www.medilas.ch\/#website","url":"https:\/\/www.medilas.ch\/","name":"Medilas AG - Bringing greater vision to everyone","description":"Depuis plus de 30 ans, medilas ag est un partenaire fiable dans les domaines de la chirurgie ophtalmologique, des \u00e9quipements de cabinet et ...","publisher":{"@id":"https:\/\/www.medilas.ch\/#organization"},"potentialAction":[{"@type":"SearchAction","target":{"@type":"EntryPoint","urlTemplate":"https:\/\/www.medilas.ch\/?s={search_term_string}"},"query-input":"required name=search_term_string"}],"inLanguage":"de"},{"@type":"Organization","@id":"https:\/\/www.medilas.ch\/#organization","name":"Medilas AG - Bringing greater vision to everyone","url":"https:\/\/www.medilas.ch\/","sameAs":["https:\/\/ch.linkedin.com\/company\/medilas-ag","https:\/\/www.youtube.com\/channel\/UCr-j80Si7PRuen2oDG4fU_g"],"logo":{"@type":"ImageObject","inLanguage":"de","@id":"https:\/\/www.medilas.ch\/#\/schema\/logo\/image\/","url":"https:\/\/www.medilas.ch\/app\/uploads\/2022\/01\/logo-medilas-1.svg","contentUrl":"https:\/\/www.medilas.ch\/app\/uploads\/2022\/01\/logo-medilas-1.svg","width":162,"height":40,"caption":"Medilas AG - Bringing greater vision to everyone"},"image":{"@id":"https:\/\/www.medilas.ch\/#\/schema\/logo\/image\/"}}]}},"_links":{"self":[{"href":"https:\/\/www.medilas.ch\/de\/wp-json\/wp\/v2\/product\/5040","targetHints":{"allow":["GET"]}}],"collection":[{"href":"https:\/\/www.medilas.ch\/de\/wp-json\/wp\/v2\/product"}],"about":[{"href":"https:\/\/www.medilas.ch\/de\/wp-json\/wp\/v2\/types\/product"}],"version-history":[{"count":17,"href":"https:\/\/www.medilas.ch\/de\/wp-json\/wp\/v2\/product\/5040\/revisions"}],"predecessor-version":[{"id":8199,"href":"https:\/\/www.medilas.ch\/de\/wp-json\/wp\/v2\/product\/5040\/revisions\/8199"}],"wp:featuredmedia":[{"embeddable":true,"href":"https:\/\/www.medilas.ch\/de\/wp-json\/wp\/v2\/media\/8195"}],"wp:attachment":[{"href":"https:\/\/www.medilas.ch\/de\/wp-json\/wp\/v2\/media?parent=5040"}],"wp:term":[{"taxonomy":"product-category","embeddable":true,"href":"https:\/\/www.medilas.ch\/de\/wp-json\/wp\/v2\/product-category?post=5040"}],"curies":[{"name":"wp","href":"https:\/\/api.w.org\/{rel}","templated":true}]}}