{"id":5143,"date":"2023-07-26T07:18:59","date_gmt":"2023-07-26T07:18:59","guid":{"rendered":"https:\/\/www.medilas.ch\/?post_type=product&#038;p=5143"},"modified":"2025-10-30T09:09:00","modified_gmt":"2025-10-30T09:09:00","slug":"kai-medical","status":"publish","type":"product","link":"https:\/\/www.medilas.ch\/de\/product\/kai-medical\/","title":{"rendered":"KAI MEDICAL"},"content":{"rendered":"","protected":false},"excerpt":{"rendered":"","protected":false},"featured_media":0,"template":"","meta":{"inline_featured_image":false,"footnotes":""},"product-category":[75,92,129],"class_list":["post-5143","product","type-product","status-publish","hentry","product-category-chirurgie-de","product-category-chirurgische-messer","product-category-produkte-de"],"acf":[],"yoast_head":"<!-- This site is optimized with the Yoast SEO Premium plugin v19.7 (Yoast SEO v19.7.2) - https:\/\/yoast.com\/wordpress\/plugins\/seo\/ -->\n<title>KAI MEDICAL - Medilas AG - Bringing greater vision to everyone<\/title>\n<meta name=\"description\" content=\"Medilas AG - Bringing greater vision to everyone KAI MEDICAL KAI MEDICAL entwickelt seit \u00fcber 40 Jahren mikrochirurgische Messer f\u00fcr Augenoperationen und setzt auf intensive Forschung sowie Austausch mit Ophthalmologen. Die breite Auswahl an ultrascharfen Klingen f\u00fcr Katarakt- und Glaukomchirurgie unterst\u00fctzt pr\u00e4zise Eingriffe und f\u00f6rdert die Wundheilung. Das traditionsreiche Familienunternehmen Kai Industries kombiniert modernste Klingentechnologien mit jahrzehntelanger Erfahrung in der Medizintechnik. Medilas AG\" \/>\n<meta name=\"robots\" content=\"index, follow, max-snippet:-1, max-image-preview:large, max-video-preview:-1\" \/>\n<link rel=\"canonical\" href=\"https:\/\/www.medilas.ch\/de\/product\/kai-medical\/\" \/>\n<meta property=\"og:locale\" content=\"de_DE\" \/>\n<meta property=\"og:type\" content=\"article\" \/>\n<meta property=\"og:title\" content=\"KAI MEDICAL - Medilas AG - Bringing greater vision to everyone\" \/>\n<meta property=\"og:description\" content=\"Medilas AG - Bringing greater vision to everyone KAI MEDICAL KAI MEDICAL entwickelt seit \u00fcber 40 Jahren mikrochirurgische Messer f\u00fcr Augenoperationen und setzt auf intensive Forschung sowie Austausch mit Ophthalmologen. Die breite Auswahl an ultrascharfen Klingen f\u00fcr Katarakt- und Glaukomchirurgie unterst\u00fctzt pr\u00e4zise Eingriffe und f\u00f6rdert die Wundheilung. Das traditionsreiche Familienunternehmen Kai Industries kombiniert modernste Klingentechnologien mit jahrzehntelanger Erfahrung in der Medizintechnik. Medilas AG\" \/>\n<meta property=\"og:url\" content=\"https:\/\/www.medilas.ch\/de\/product\/kai-medical\/\" \/>\n<meta property=\"og:site_name\" content=\"Medilas AG - Bringing greater vision to everyone\" \/>\n<meta property=\"article:modified_time\" content=\"2025-10-30T09:09:00+00:00\" \/>\n<meta property=\"og:image\" content=\"https:\/\/www.medilas.ch\/app\/uploads\/2023\/09\/KAI_MESSER_MEDILAS.png\" \/>\n\t<meta property=\"og:image:width\" content=\"1200\" \/>\n\t<meta property=\"og:image:height\" content=\"753\" \/>\n\t<meta property=\"og:image:type\" content=\"image\/png\" \/>\n<meta name=\"twitter:card\" content=\"summary_large_image\" \/>\n<script type=\"application\/ld+json\" class=\"yoast-schema-graph\">{\"@context\":\"https:\/\/schema.org\",\"@graph\":[{\"@type\":\"WebPage\",\"@id\":\"https:\/\/www.medilas.ch\/de\/product\/kai-medical\/\",\"url\":\"https:\/\/www.medilas.ch\/de\/product\/kai-medical\/\",\"name\":\"KAI MEDICAL - Medilas AG - Bringing greater vision to everyone\",\"isPartOf\":{\"@id\":\"https:\/\/www.medilas.ch\/#website\"},\"datePublished\":\"2023-07-26T07:18:59+00:00\",\"dateModified\":\"2025-10-30T09:09:00+00:00\",\"description\":\"Medilas AG - Bringing greater vision to everyone KAI MEDICAL KAI MEDICAL entwickelt seit \u00fcber 40 Jahren mikrochirurgische Messer f\u00fcr Augenoperationen und setzt auf intensive Forschung sowie Austausch mit Ophthalmologen. Die breite Auswahl an ultrascharfen Klingen f\u00fcr Katarakt- und Glaukomchirurgie unterst\u00fctzt pr\u00e4zise Eingriffe und f\u00f6rdert die Wundheilung. Das traditionsreiche Familienunternehmen Kai Industries kombiniert modernste Klingentechnologien mit jahrzehntelanger Erfahrung in der Medizintechnik. Medilas AG\",\"breadcrumb\":{\"@id\":\"https:\/\/www.medilas.ch\/de\/product\/kai-medical\/#breadcrumb\"},\"inLanguage\":\"de\",\"potentialAction\":[{\"@type\":\"ReadAction\",\"target\":[\"https:\/\/www.medilas.ch\/de\/product\/kai-medical\/\"]}]},{\"@type\":\"BreadcrumbList\",\"@id\":\"https:\/\/www.medilas.ch\/de\/product\/kai-medical\/#breadcrumb\",\"itemListElement\":[{\"@type\":\"ListItem\",\"position\":1,\"name\":\"Products\",\"item\":\"https:\/\/www.medilas.ch\/product\/\"},{\"@type\":\"ListItem\",\"position\":2,\"name\":\"KAI MEDICAL\"}]},{\"@type\":\"WebSite\",\"@id\":\"https:\/\/www.medilas.ch\/#website\",\"url\":\"https:\/\/www.medilas.ch\/\",\"name\":\"Medilas AG - Bringing greater vision to everyone\",\"description\":\"Depuis plus de 30 ans, medilas ag est un partenaire fiable dans les domaines de la chirurgie ophtalmologique, des \u00e9quipements de cabinet et ...\",\"publisher\":{\"@id\":\"https:\/\/www.medilas.ch\/#organization\"},\"potentialAction\":[{\"@type\":\"SearchAction\",\"target\":{\"@type\":\"EntryPoint\",\"urlTemplate\":\"https:\/\/www.medilas.ch\/?s={search_term_string}\"},\"query-input\":\"required name=search_term_string\"}],\"inLanguage\":\"de\"},{\"@type\":\"Organization\",\"@id\":\"https:\/\/www.medilas.ch\/#organization\",\"name\":\"Medilas AG - Bringing greater vision to everyone\",\"url\":\"https:\/\/www.medilas.ch\/\",\"sameAs\":[\"https:\/\/ch.linkedin.com\/company\/medilas-ag\",\"https:\/\/www.youtube.com\/channel\/UCr-j80Si7PRuen2oDG4fU_g\"],\"logo\":{\"@type\":\"ImageObject\",\"inLanguage\":\"de\",\"@id\":\"https:\/\/www.medilas.ch\/#\/schema\/logo\/image\/\",\"url\":\"https:\/\/www.medilas.ch\/app\/uploads\/2022\/01\/logo-medilas-1.svg\",\"contentUrl\":\"https:\/\/www.medilas.ch\/app\/uploads\/2022\/01\/logo-medilas-1.svg\",\"width\":162,\"height\":40,\"caption\":\"Medilas AG - Bringing greater vision to everyone\"},\"image\":{\"@id\":\"https:\/\/www.medilas.ch\/#\/schema\/logo\/image\/\"}}]}<\/script>\n<!-- \/ Yoast SEO Premium plugin. -->","yoast_head_json":{"title":"KAI MEDICAL - Medilas AG - Bringing greater vision to everyone","description":"Medilas AG - Bringing greater vision to everyone KAI MEDICAL KAI MEDICAL entwickelt seit \u00fcber 40 Jahren mikrochirurgische Messer f\u00fcr Augenoperationen und setzt auf intensive Forschung sowie Austausch mit Ophthalmologen. Die breite Auswahl an ultrascharfen Klingen f\u00fcr Katarakt- und Glaukomchirurgie unterst\u00fctzt pr\u00e4zise Eingriffe und f\u00f6rdert die Wundheilung. Das traditionsreiche Familienunternehmen Kai Industries kombiniert modernste Klingentechnologien mit jahrzehntelanger Erfahrung in der Medizintechnik. Medilas AG","robots":{"index":"index","follow":"follow","max-snippet":"max-snippet:-1","max-image-preview":"max-image-preview:large","max-video-preview":"max-video-preview:-1"},"canonical":"https:\/\/www.medilas.ch\/de\/product\/kai-medical\/","og_locale":"de_DE","og_type":"article","og_title":"KAI MEDICAL - Medilas AG - Bringing greater vision to everyone","og_description":"Medilas AG - Bringing greater vision to everyone KAI MEDICAL KAI MEDICAL entwickelt seit \u00fcber 40 Jahren mikrochirurgische Messer f\u00fcr Augenoperationen und setzt auf intensive Forschung sowie Austausch mit Ophthalmologen. Die breite Auswahl an ultrascharfen Klingen f\u00fcr Katarakt- und Glaukomchirurgie unterst\u00fctzt pr\u00e4zise Eingriffe und f\u00f6rdert die Wundheilung. Das traditionsreiche Familienunternehmen Kai Industries kombiniert modernste Klingentechnologien mit jahrzehntelanger Erfahrung in der Medizintechnik. Medilas AG","og_url":"https:\/\/www.medilas.ch\/de\/product\/kai-medical\/","og_site_name":"Medilas AG - Bringing greater vision to everyone","article_modified_time":"2025-10-30T09:09:00+00:00","og_image":[{"width":1200,"height":753,"url":"https:\/\/www.medilas.ch\/app\/uploads\/2023\/09\/KAI_MESSER_MEDILAS.png","type":"image\/png"}],"twitter_card":"summary_large_image","schema":{"@context":"https:\/\/schema.org","@graph":[{"@type":"WebPage","@id":"https:\/\/www.medilas.ch\/de\/product\/kai-medical\/","url":"https:\/\/www.medilas.ch\/de\/product\/kai-medical\/","name":"KAI MEDICAL - Medilas AG - Bringing greater vision to everyone","isPartOf":{"@id":"https:\/\/www.medilas.ch\/#website"},"datePublished":"2023-07-26T07:18:59+00:00","dateModified":"2025-10-30T09:09:00+00:00","description":"Medilas AG - Bringing greater vision to everyone KAI MEDICAL KAI MEDICAL entwickelt seit \u00fcber 40 Jahren mikrochirurgische Messer f\u00fcr Augenoperationen und setzt auf intensive Forschung sowie Austausch mit Ophthalmologen. Die breite Auswahl an ultrascharfen Klingen f\u00fcr Katarakt- und Glaukomchirurgie unterst\u00fctzt pr\u00e4zise Eingriffe und f\u00f6rdert die Wundheilung. Das traditionsreiche Familienunternehmen Kai Industries kombiniert modernste Klingentechnologien mit jahrzehntelanger Erfahrung in der Medizintechnik. Medilas AG","breadcrumb":{"@id":"https:\/\/www.medilas.ch\/de\/product\/kai-medical\/#breadcrumb"},"inLanguage":"de","potentialAction":[{"@type":"ReadAction","target":["https:\/\/www.medilas.ch\/de\/product\/kai-medical\/"]}]},{"@type":"BreadcrumbList","@id":"https:\/\/www.medilas.ch\/de\/product\/kai-medical\/#breadcrumb","itemListElement":[{"@type":"ListItem","position":1,"name":"Products","item":"https:\/\/www.medilas.ch\/product\/"},{"@type":"ListItem","position":2,"name":"KAI MEDICAL"}]},{"@type":"WebSite","@id":"https:\/\/www.medilas.ch\/#website","url":"https:\/\/www.medilas.ch\/","name":"Medilas AG - Bringing greater vision to everyone","description":"Depuis plus de 30 ans, medilas ag est un partenaire fiable dans les domaines de la chirurgie ophtalmologique, des \u00e9quipements de cabinet et ...","publisher":{"@id":"https:\/\/www.medilas.ch\/#organization"},"potentialAction":[{"@type":"SearchAction","target":{"@type":"EntryPoint","urlTemplate":"https:\/\/www.medilas.ch\/?s={search_term_string}"},"query-input":"required name=search_term_string"}],"inLanguage":"de"},{"@type":"Organization","@id":"https:\/\/www.medilas.ch\/#organization","name":"Medilas AG - Bringing greater vision to everyone","url":"https:\/\/www.medilas.ch\/","sameAs":["https:\/\/ch.linkedin.com\/company\/medilas-ag","https:\/\/www.youtube.com\/channel\/UCr-j80Si7PRuen2oDG4fU_g"],"logo":{"@type":"ImageObject","inLanguage":"de","@id":"https:\/\/www.medilas.ch\/#\/schema\/logo\/image\/","url":"https:\/\/www.medilas.ch\/app\/uploads\/2022\/01\/logo-medilas-1.svg","contentUrl":"https:\/\/www.medilas.ch\/app\/uploads\/2022\/01\/logo-medilas-1.svg","width":162,"height":40,"caption":"Medilas AG - Bringing greater vision to everyone"},"image":{"@id":"https:\/\/www.medilas.ch\/#\/schema\/logo\/image\/"}}]}},"_links":{"self":[{"href":"https:\/\/www.medilas.ch\/de\/wp-json\/wp\/v2\/product\/5143","targetHints":{"allow":["GET"]}}],"collection":[{"href":"https:\/\/www.medilas.ch\/de\/wp-json\/wp\/v2\/product"}],"about":[{"href":"https:\/\/www.medilas.ch\/de\/wp-json\/wp\/v2\/types\/product"}],"version-history":[{"count":12,"href":"https:\/\/www.medilas.ch\/de\/wp-json\/wp\/v2\/product\/5143\/revisions"}],"predecessor-version":[{"id":8203,"href":"https:\/\/www.medilas.ch\/de\/wp-json\/wp\/v2\/product\/5143\/revisions\/8203"}],"wp:attachment":[{"href":"https:\/\/www.medilas.ch\/de\/wp-json\/wp\/v2\/media?parent=5143"}],"wp:term":[{"taxonomy":"product-category","embeddable":true,"href":"https:\/\/www.medilas.ch\/de\/wp-json\/wp\/v2\/product-category?post=5143"}],"curies":[{"name":"wp","href":"https:\/\/api.w.org\/{rel}","templated":true}]}}