{"id":5478,"date":"2023-10-13T09:53:11","date_gmt":"2023-10-13T09:53:11","guid":{"rendered":"https:\/\/www.medilas.ch\/?post_type=product&#038;p=5478"},"modified":"2025-10-23T12:18:58","modified_gmt":"2025-10-23T12:18:58","slug":"huvitz-hs-7000","status":"publish","type":"product","link":"https:\/\/www.medilas.ch\/de\/product\/huvitz-hs-7000\/","title":{"rendered":"Huvitz- HS-7000"},"content":{"rendered":"","protected":false},"excerpt":{"rendered":"","protected":false},"featured_media":8137,"template":"","meta":{"inline_featured_image":false,"footnotes":""},"product-category":[103],"class_list":["post-5478","product","type-product","status-publish","has-post-thumbnail","hentry","product-category-spaltlampe"],"acf":[],"yoast_head":"<!-- This site is optimized with the Yoast SEO Premium plugin v19.7 (Yoast SEO v19.7.2) - https:\/\/yoast.com\/wordpress\/plugins\/seo\/ -->\n<title>Huvitz- HS-7000 - Medilas AG - Bringing greater vision to everyone<\/title>\n<meta name=\"description\" content=\"Medilas AG - Bringing greater vision to everyone Huvitz- HS-7000 Die Huvitz HS-7000 ist eine hochwertige Spaltlampe im Haag-Streit- oder Zeiss-Stil mit integriertem Gelbfilter, Konvergenzmikroskop, bis zu 40-facher Vergr\u00f6sserung, flexibler Schlitzsteuerung und optionaler Kamera f\u00fcr pr\u00e4zise Augenuntersuchungen.\" \/>\n<meta name=\"robots\" content=\"index, follow, max-snippet:-1, max-image-preview:large, max-video-preview:-1\" \/>\n<link rel=\"canonical\" href=\"https:\/\/www.medilas.ch\/de\/product\/huvitz-hs-7000\/\" \/>\n<meta property=\"og:locale\" content=\"de_DE\" \/>\n<meta property=\"og:type\" content=\"article\" \/>\n<meta property=\"og:title\" content=\"Huvitz- HS-7000 - Medilas AG - Bringing greater vision to everyone\" \/>\n<meta property=\"og:description\" content=\"Medilas AG - Bringing greater vision to everyone Huvitz- HS-7000 Die Huvitz HS-7000 ist eine hochwertige Spaltlampe im Haag-Streit- oder Zeiss-Stil mit integriertem Gelbfilter, Konvergenzmikroskop, bis zu 40-facher Vergr\u00f6sserung, flexibler Schlitzsteuerung und optionaler Kamera f\u00fcr pr\u00e4zise Augenuntersuchungen.\" \/>\n<meta property=\"og:url\" content=\"https:\/\/www.medilas.ch\/de\/product\/huvitz-hs-7000\/\" \/>\n<meta property=\"og:site_name\" content=\"Medilas AG - Bringing greater vision to everyone\" \/>\n<meta property=\"article:modified_time\" content=\"2025-10-23T12:18:58+00:00\" \/>\n<meta property=\"og:image\" content=\"https:\/\/www.medilas.ch\/app\/uploads\/2023\/10\/Capture-decran_Medilas.webp\" \/>\n\t<meta property=\"og:image:width\" content=\"300\" \/>\n\t<meta property=\"og:image:height\" content=\"296\" \/>\n\t<meta property=\"og:image:type\" content=\"image\/webp\" \/>\n<meta name=\"twitter:card\" content=\"summary_large_image\" \/>\n<script type=\"application\/ld+json\" class=\"yoast-schema-graph\">{\"@context\":\"https:\/\/schema.org\",\"@graph\":[{\"@type\":\"WebPage\",\"@id\":\"https:\/\/www.medilas.ch\/de\/product\/huvitz-hs-7000\/\",\"url\":\"https:\/\/www.medilas.ch\/de\/product\/huvitz-hs-7000\/\",\"name\":\"Huvitz- HS-7000 - Medilas AG - Bringing greater vision to everyone\",\"isPartOf\":{\"@id\":\"https:\/\/www.medilas.ch\/#website\"},\"datePublished\":\"2023-10-13T09:53:11+00:00\",\"dateModified\":\"2025-10-23T12:18:58+00:00\",\"description\":\"Medilas AG - Bringing greater vision to everyone Huvitz- HS-7000 Die Huvitz HS-7000 ist eine hochwertige Spaltlampe im Haag-Streit- oder Zeiss-Stil mit integriertem Gelbfilter, Konvergenzmikroskop, bis zu 40-facher Vergr\u00f6sserung, flexibler Schlitzsteuerung und optionaler Kamera f\u00fcr pr\u00e4zise Augenuntersuchungen.\",\"breadcrumb\":{\"@id\":\"https:\/\/www.medilas.ch\/de\/product\/huvitz-hs-7000\/#breadcrumb\"},\"inLanguage\":\"de\",\"potentialAction\":[{\"@type\":\"ReadAction\",\"target\":[\"https:\/\/www.medilas.ch\/de\/product\/huvitz-hs-7000\/\"]}]},{\"@type\":\"BreadcrumbList\",\"@id\":\"https:\/\/www.medilas.ch\/de\/product\/huvitz-hs-7000\/#breadcrumb\",\"itemListElement\":[{\"@type\":\"ListItem\",\"position\":1,\"name\":\"Products\",\"item\":\"https:\/\/www.medilas.ch\/product\/\"},{\"@type\":\"ListItem\",\"position\":2,\"name\":\"Huvitz- HS-7000\"}]},{\"@type\":\"WebSite\",\"@id\":\"https:\/\/www.medilas.ch\/#website\",\"url\":\"https:\/\/www.medilas.ch\/\",\"name\":\"Medilas AG - Bringing greater vision to everyone\",\"description\":\"Depuis plus de 30 ans, medilas ag est un partenaire fiable dans les domaines de la chirurgie ophtalmologique, des \u00e9quipements de cabinet et ...\",\"publisher\":{\"@id\":\"https:\/\/www.medilas.ch\/#organization\"},\"potentialAction\":[{\"@type\":\"SearchAction\",\"target\":{\"@type\":\"EntryPoint\",\"urlTemplate\":\"https:\/\/www.medilas.ch\/?s={search_term_string}\"},\"query-input\":\"required name=search_term_string\"}],\"inLanguage\":\"de\"},{\"@type\":\"Organization\",\"@id\":\"https:\/\/www.medilas.ch\/#organization\",\"name\":\"Medilas AG - Bringing greater vision to everyone\",\"url\":\"https:\/\/www.medilas.ch\/\",\"sameAs\":[\"https:\/\/ch.linkedin.com\/company\/medilas-ag\",\"https:\/\/www.youtube.com\/channel\/UCr-j80Si7PRuen2oDG4fU_g\"],\"logo\":{\"@type\":\"ImageObject\",\"inLanguage\":\"de\",\"@id\":\"https:\/\/www.medilas.ch\/#\/schema\/logo\/image\/\",\"url\":\"https:\/\/www.medilas.ch\/app\/uploads\/2022\/01\/logo-medilas-1.svg\",\"contentUrl\":\"https:\/\/www.medilas.ch\/app\/uploads\/2022\/01\/logo-medilas-1.svg\",\"width\":162,\"height\":40,\"caption\":\"Medilas AG - Bringing greater vision to everyone\"},\"image\":{\"@id\":\"https:\/\/www.medilas.ch\/#\/schema\/logo\/image\/\"}}]}<\/script>\n<!-- \/ Yoast SEO Premium plugin. -->","yoast_head_json":{"title":"Huvitz- HS-7000 - Medilas AG - Bringing greater vision to everyone","description":"Medilas AG - Bringing greater vision to everyone Huvitz- HS-7000 Die Huvitz HS-7000 ist eine hochwertige Spaltlampe im Haag-Streit- oder Zeiss-Stil mit integriertem Gelbfilter, Konvergenzmikroskop, bis zu 40-facher Vergr\u00f6sserung, flexibler Schlitzsteuerung und optionaler Kamera f\u00fcr pr\u00e4zise Augenuntersuchungen.","robots":{"index":"index","follow":"follow","max-snippet":"max-snippet:-1","max-image-preview":"max-image-preview:large","max-video-preview":"max-video-preview:-1"},"canonical":"https:\/\/www.medilas.ch\/de\/product\/huvitz-hs-7000\/","og_locale":"de_DE","og_type":"article","og_title":"Huvitz- HS-7000 - Medilas AG - Bringing greater vision to everyone","og_description":"Medilas AG - Bringing greater vision to everyone Huvitz- HS-7000 Die Huvitz HS-7000 ist eine hochwertige Spaltlampe im Haag-Streit- oder Zeiss-Stil mit integriertem Gelbfilter, Konvergenzmikroskop, bis zu 40-facher Vergr\u00f6sserung, flexibler Schlitzsteuerung und optionaler Kamera f\u00fcr pr\u00e4zise Augenuntersuchungen.","og_url":"https:\/\/www.medilas.ch\/de\/product\/huvitz-hs-7000\/","og_site_name":"Medilas AG - Bringing greater vision to everyone","article_modified_time":"2025-10-23T12:18:58+00:00","og_image":[{"width":300,"height":296,"url":"https:\/\/www.medilas.ch\/app\/uploads\/2023\/10\/Capture-decran_Medilas.webp","type":"image\/webp"}],"twitter_card":"summary_large_image","schema":{"@context":"https:\/\/schema.org","@graph":[{"@type":"WebPage","@id":"https:\/\/www.medilas.ch\/de\/product\/huvitz-hs-7000\/","url":"https:\/\/www.medilas.ch\/de\/product\/huvitz-hs-7000\/","name":"Huvitz- HS-7000 - Medilas AG - Bringing greater vision to everyone","isPartOf":{"@id":"https:\/\/www.medilas.ch\/#website"},"datePublished":"2023-10-13T09:53:11+00:00","dateModified":"2025-10-23T12:18:58+00:00","description":"Medilas AG - Bringing greater vision to everyone Huvitz- HS-7000 Die Huvitz HS-7000 ist eine hochwertige Spaltlampe im Haag-Streit- oder Zeiss-Stil mit integriertem Gelbfilter, Konvergenzmikroskop, bis zu 40-facher Vergr\u00f6sserung, flexibler Schlitzsteuerung und optionaler Kamera f\u00fcr pr\u00e4zise Augenuntersuchungen.","breadcrumb":{"@id":"https:\/\/www.medilas.ch\/de\/product\/huvitz-hs-7000\/#breadcrumb"},"inLanguage":"de","potentialAction":[{"@type":"ReadAction","target":["https:\/\/www.medilas.ch\/de\/product\/huvitz-hs-7000\/"]}]},{"@type":"BreadcrumbList","@id":"https:\/\/www.medilas.ch\/de\/product\/huvitz-hs-7000\/#breadcrumb","itemListElement":[{"@type":"ListItem","position":1,"name":"Products","item":"https:\/\/www.medilas.ch\/product\/"},{"@type":"ListItem","position":2,"name":"Huvitz- HS-7000"}]},{"@type":"WebSite","@id":"https:\/\/www.medilas.ch\/#website","url":"https:\/\/www.medilas.ch\/","name":"Medilas AG - Bringing greater vision to everyone","description":"Depuis plus de 30 ans, medilas ag est un partenaire fiable dans les domaines de la chirurgie ophtalmologique, des \u00e9quipements de cabinet et ...","publisher":{"@id":"https:\/\/www.medilas.ch\/#organization"},"potentialAction":[{"@type":"SearchAction","target":{"@type":"EntryPoint","urlTemplate":"https:\/\/www.medilas.ch\/?s={search_term_string}"},"query-input":"required name=search_term_string"}],"inLanguage":"de"},{"@type":"Organization","@id":"https:\/\/www.medilas.ch\/#organization","name":"Medilas AG - Bringing greater vision to everyone","url":"https:\/\/www.medilas.ch\/","sameAs":["https:\/\/ch.linkedin.com\/company\/medilas-ag","https:\/\/www.youtube.com\/channel\/UCr-j80Si7PRuen2oDG4fU_g"],"logo":{"@type":"ImageObject","inLanguage":"de","@id":"https:\/\/www.medilas.ch\/#\/schema\/logo\/image\/","url":"https:\/\/www.medilas.ch\/app\/uploads\/2022\/01\/logo-medilas-1.svg","contentUrl":"https:\/\/www.medilas.ch\/app\/uploads\/2022\/01\/logo-medilas-1.svg","width":162,"height":40,"caption":"Medilas AG - Bringing greater vision to everyone"},"image":{"@id":"https:\/\/www.medilas.ch\/#\/schema\/logo\/image\/"}}]}},"_links":{"self":[{"href":"https:\/\/www.medilas.ch\/de\/wp-json\/wp\/v2\/product\/5478","targetHints":{"allow":["GET"]}}],"collection":[{"href":"https:\/\/www.medilas.ch\/de\/wp-json\/wp\/v2\/product"}],"about":[{"href":"https:\/\/www.medilas.ch\/de\/wp-json\/wp\/v2\/types\/product"}],"version-history":[{"count":3,"href":"https:\/\/www.medilas.ch\/de\/wp-json\/wp\/v2\/product\/5478\/revisions"}],"predecessor-version":[{"id":8143,"href":"https:\/\/www.medilas.ch\/de\/wp-json\/wp\/v2\/product\/5478\/revisions\/8143"}],"wp:featuredmedia":[{"embeddable":true,"href":"https:\/\/www.medilas.ch\/de\/wp-json\/wp\/v2\/media\/8137"}],"wp:attachment":[{"href":"https:\/\/www.medilas.ch\/de\/wp-json\/wp\/v2\/media?parent=5478"}],"wp:term":[{"taxonomy":"product-category","embeddable":true,"href":"https:\/\/www.medilas.ch\/de\/wp-json\/wp\/v2\/product-category?post=5478"}],"curies":[{"name":"wp","href":"https:\/\/api.w.org\/{rel}","templated":true}]}}