{"id":5776,"date":"2024-02-28T15:30:07","date_gmt":"2024-02-28T15:30:07","guid":{"rendered":"https:\/\/www.medilas.ch\/?post_type=product&#038;p=5776"},"modified":"2025-03-11T12:53:19","modified_gmt":"2025-03-11T12:53:19","slug":"vuno-fundus-ai","status":"publish","type":"product","link":"https:\/\/www.medilas.ch\/de\/product\/vuno-fundus-ai\/","title":{"rendered":"VUNO Fundus AI"},"content":{"rendered":"","protected":false},"excerpt":{"rendered":"","protected":false},"featured_media":5781,"template":"","meta":{"inline_featured_image":false,"footnotes":""},"product-category":[76,99,129],"class_list":["post-5776","product","type-product","status-publish","has-post-thumbnail","hentry","product-category-diagnostik","product-category-funduskamera","product-category-produkte-de"],"acf":[],"yoast_head":"<!-- This site is optimized with the Yoast SEO Premium plugin v19.7 (Yoast SEO v19.7.2) - https:\/\/yoast.com\/wordpress\/plugins\/seo\/ -->\n<title>VUNO Fundus AI - Medilas AG - Bringing greater vision to everyone<\/title>\n<meta name=\"description\" content=\"Medilas AG - Bringing greater vision to everyone VUNO Fundus AI - VUNO Med-Fundus AI bietet pr\u00e4zise Diagnosen von Netzhauterkrankungen durch Fundusbilder. Die Software \u00fcberpr\u00fcft und lokalisiert intuitiv 12 Anomalien, darunter Drusen, Blutungen und Glaukomver\u00e4nderungen. Sie erkennt automatisch den Sehnerv und die Makula, unterteilt das Fundusbild in 8 Bereiche und erstellt detaillierte Patientenberichte. Basierend auf 103.262 Fundusbildern und der Expertise von 57 Augen\u00e4rzten, verbessert VUNO Med-Fundus AI die Kommunikation zwischen Arzt und Patient und sorgt f\u00fcr h\u00f6here Zufriedenheit.\" \/>\n<meta name=\"robots\" content=\"index, follow, max-snippet:-1, max-image-preview:large, max-video-preview:-1\" \/>\n<link rel=\"canonical\" href=\"https:\/\/www.medilas.ch\/de\/product\/vuno-fundus-ai\/\" \/>\n<meta property=\"og:locale\" content=\"de_DE\" \/>\n<meta property=\"og:type\" content=\"article\" \/>\n<meta property=\"og:title\" content=\"VUNO Fundus AI - Medilas AG - Bringing greater vision to everyone\" \/>\n<meta property=\"og:description\" content=\"Medilas AG - Bringing greater vision to everyone VUNO Fundus AI - VUNO Med-Fundus AI bietet pr\u00e4zise Diagnosen von Netzhauterkrankungen durch Fundusbilder. Die Software \u00fcberpr\u00fcft und lokalisiert intuitiv 12 Anomalien, darunter Drusen, Blutungen und Glaukomver\u00e4nderungen. Sie erkennt automatisch den Sehnerv und die Makula, unterteilt das Fundusbild in 8 Bereiche und erstellt detaillierte Patientenberichte. Basierend auf 103.262 Fundusbildern und der Expertise von 57 Augen\u00e4rzten, verbessert VUNO Med-Fundus AI die Kommunikation zwischen Arzt und Patient und sorgt f\u00fcr h\u00f6here Zufriedenheit.\" \/>\n<meta property=\"og:url\" content=\"https:\/\/www.medilas.ch\/de\/product\/vuno-fundus-ai\/\" \/>\n<meta property=\"og:site_name\" content=\"Medilas AG - Bringing greater vision to everyone\" \/>\n<meta property=\"article:modified_time\" content=\"2025-03-11T12:53:19+00:00\" \/>\n<meta property=\"og:image\" content=\"https:\/\/www.medilas.ch\/app\/uploads\/2024\/02\/VUNO-Fundus-AI-_Medilas.png\" \/>\n\t<meta property=\"og:image:width\" content=\"907\" \/>\n\t<meta property=\"og:image:height\" content=\"621\" \/>\n\t<meta property=\"og:image:type\" content=\"image\/png\" \/>\n<meta name=\"twitter:card\" content=\"summary_large_image\" \/>\n<script type=\"application\/ld+json\" class=\"yoast-schema-graph\">{\"@context\":\"https:\/\/schema.org\",\"@graph\":[{\"@type\":\"WebPage\",\"@id\":\"https:\/\/www.medilas.ch\/de\/product\/vuno-fundus-ai\/\",\"url\":\"https:\/\/www.medilas.ch\/de\/product\/vuno-fundus-ai\/\",\"name\":\"VUNO Fundus AI - Medilas AG - Bringing greater vision to everyone\",\"isPartOf\":{\"@id\":\"https:\/\/www.medilas.ch\/#website\"},\"datePublished\":\"2024-02-28T15:30:07+00:00\",\"dateModified\":\"2025-03-11T12:53:19+00:00\",\"description\":\"Medilas AG - Bringing greater vision to everyone VUNO Fundus AI - VUNO Med-Fundus AI bietet pr\u00e4zise Diagnosen von Netzhauterkrankungen durch Fundusbilder. Die Software \u00fcberpr\u00fcft und lokalisiert intuitiv 12 Anomalien, darunter Drusen, Blutungen und Glaukomver\u00e4nderungen. Sie erkennt automatisch den Sehnerv und die Makula, unterteilt das Fundusbild in 8 Bereiche und erstellt detaillierte Patientenberichte. Basierend auf 103.262 Fundusbildern und der Expertise von 57 Augen\u00e4rzten, verbessert VUNO Med-Fundus AI die Kommunikation zwischen Arzt und Patient und sorgt f\u00fcr h\u00f6here Zufriedenheit.\",\"breadcrumb\":{\"@id\":\"https:\/\/www.medilas.ch\/de\/product\/vuno-fundus-ai\/#breadcrumb\"},\"inLanguage\":\"de\",\"potentialAction\":[{\"@type\":\"ReadAction\",\"target\":[\"https:\/\/www.medilas.ch\/de\/product\/vuno-fundus-ai\/\"]}]},{\"@type\":\"BreadcrumbList\",\"@id\":\"https:\/\/www.medilas.ch\/de\/product\/vuno-fundus-ai\/#breadcrumb\",\"itemListElement\":[{\"@type\":\"ListItem\",\"position\":1,\"name\":\"Products\",\"item\":\"https:\/\/www.medilas.ch\/product\/\"},{\"@type\":\"ListItem\",\"position\":2,\"name\":\"VUNO Fundus AI\"}]},{\"@type\":\"WebSite\",\"@id\":\"https:\/\/www.medilas.ch\/#website\",\"url\":\"https:\/\/www.medilas.ch\/\",\"name\":\"Medilas AG - Bringing greater vision to everyone\",\"description\":\"Depuis plus de 30 ans, medilas ag est un partenaire fiable dans les domaines de la chirurgie ophtalmologique, des \u00e9quipements de cabinet et ...\",\"publisher\":{\"@id\":\"https:\/\/www.medilas.ch\/#organization\"},\"potentialAction\":[{\"@type\":\"SearchAction\",\"target\":{\"@type\":\"EntryPoint\",\"urlTemplate\":\"https:\/\/www.medilas.ch\/?s={search_term_string}\"},\"query-input\":\"required name=search_term_string\"}],\"inLanguage\":\"de\"},{\"@type\":\"Organization\",\"@id\":\"https:\/\/www.medilas.ch\/#organization\",\"name\":\"Medilas AG - Bringing greater vision to everyone\",\"url\":\"https:\/\/www.medilas.ch\/\",\"sameAs\":[\"https:\/\/ch.linkedin.com\/company\/medilas-ag\",\"https:\/\/www.youtube.com\/channel\/UCr-j80Si7PRuen2oDG4fU_g\"],\"logo\":{\"@type\":\"ImageObject\",\"inLanguage\":\"de\",\"@id\":\"https:\/\/www.medilas.ch\/#\/schema\/logo\/image\/\",\"url\":\"https:\/\/www.medilas.ch\/app\/uploads\/2022\/01\/logo-medilas-1.svg\",\"contentUrl\":\"https:\/\/www.medilas.ch\/app\/uploads\/2022\/01\/logo-medilas-1.svg\",\"width\":162,\"height\":40,\"caption\":\"Medilas AG - Bringing greater vision to everyone\"},\"image\":{\"@id\":\"https:\/\/www.medilas.ch\/#\/schema\/logo\/image\/\"}}]}<\/script>\n<!-- \/ Yoast SEO Premium plugin. -->","yoast_head_json":{"title":"VUNO Fundus AI - Medilas AG - Bringing greater vision to everyone","description":"Medilas AG - Bringing greater vision to everyone VUNO Fundus AI - VUNO Med-Fundus AI bietet pr\u00e4zise Diagnosen von Netzhauterkrankungen durch Fundusbilder. Die Software \u00fcberpr\u00fcft und lokalisiert intuitiv 12 Anomalien, darunter Drusen, Blutungen und Glaukomver\u00e4nderungen. Sie erkennt automatisch den Sehnerv und die Makula, unterteilt das Fundusbild in 8 Bereiche und erstellt detaillierte Patientenberichte. Basierend auf 103.262 Fundusbildern und der Expertise von 57 Augen\u00e4rzten, verbessert VUNO Med-Fundus AI die Kommunikation zwischen Arzt und Patient und sorgt f\u00fcr h\u00f6here Zufriedenheit.","robots":{"index":"index","follow":"follow","max-snippet":"max-snippet:-1","max-image-preview":"max-image-preview:large","max-video-preview":"max-video-preview:-1"},"canonical":"https:\/\/www.medilas.ch\/de\/product\/vuno-fundus-ai\/","og_locale":"de_DE","og_type":"article","og_title":"VUNO Fundus AI - Medilas AG - Bringing greater vision to everyone","og_description":"Medilas AG - Bringing greater vision to everyone VUNO Fundus AI - VUNO Med-Fundus AI bietet pr\u00e4zise Diagnosen von Netzhauterkrankungen durch Fundusbilder. Die Software \u00fcberpr\u00fcft und lokalisiert intuitiv 12 Anomalien, darunter Drusen, Blutungen und Glaukomver\u00e4nderungen. Sie erkennt automatisch den Sehnerv und die Makula, unterteilt das Fundusbild in 8 Bereiche und erstellt detaillierte Patientenberichte. Basierend auf 103.262 Fundusbildern und der Expertise von 57 Augen\u00e4rzten, verbessert VUNO Med-Fundus AI die Kommunikation zwischen Arzt und Patient und sorgt f\u00fcr h\u00f6here Zufriedenheit.","og_url":"https:\/\/www.medilas.ch\/de\/product\/vuno-fundus-ai\/","og_site_name":"Medilas AG - Bringing greater vision to everyone","article_modified_time":"2025-03-11T12:53:19+00:00","og_image":[{"width":907,"height":621,"url":"https:\/\/www.medilas.ch\/app\/uploads\/2024\/02\/VUNO-Fundus-AI-_Medilas.png","type":"image\/png"}],"twitter_card":"summary_large_image","schema":{"@context":"https:\/\/schema.org","@graph":[{"@type":"WebPage","@id":"https:\/\/www.medilas.ch\/de\/product\/vuno-fundus-ai\/","url":"https:\/\/www.medilas.ch\/de\/product\/vuno-fundus-ai\/","name":"VUNO Fundus AI - Medilas AG - Bringing greater vision to everyone","isPartOf":{"@id":"https:\/\/www.medilas.ch\/#website"},"datePublished":"2024-02-28T15:30:07+00:00","dateModified":"2025-03-11T12:53:19+00:00","description":"Medilas AG - Bringing greater vision to everyone VUNO Fundus AI - VUNO Med-Fundus AI bietet pr\u00e4zise Diagnosen von Netzhauterkrankungen durch Fundusbilder. Die Software \u00fcberpr\u00fcft und lokalisiert intuitiv 12 Anomalien, darunter Drusen, Blutungen und Glaukomver\u00e4nderungen. Sie erkennt automatisch den Sehnerv und die Makula, unterteilt das Fundusbild in 8 Bereiche und erstellt detaillierte Patientenberichte. Basierend auf 103.262 Fundusbildern und der Expertise von 57 Augen\u00e4rzten, verbessert VUNO Med-Fundus AI die Kommunikation zwischen Arzt und Patient und sorgt f\u00fcr h\u00f6here Zufriedenheit.","breadcrumb":{"@id":"https:\/\/www.medilas.ch\/de\/product\/vuno-fundus-ai\/#breadcrumb"},"inLanguage":"de","potentialAction":[{"@type":"ReadAction","target":["https:\/\/www.medilas.ch\/de\/product\/vuno-fundus-ai\/"]}]},{"@type":"BreadcrumbList","@id":"https:\/\/www.medilas.ch\/de\/product\/vuno-fundus-ai\/#breadcrumb","itemListElement":[{"@type":"ListItem","position":1,"name":"Products","item":"https:\/\/www.medilas.ch\/product\/"},{"@type":"ListItem","position":2,"name":"VUNO Fundus AI"}]},{"@type":"WebSite","@id":"https:\/\/www.medilas.ch\/#website","url":"https:\/\/www.medilas.ch\/","name":"Medilas AG - Bringing greater vision to everyone","description":"Depuis plus de 30 ans, medilas ag est un partenaire fiable dans les domaines de la chirurgie ophtalmologique, des \u00e9quipements de cabinet et ...","publisher":{"@id":"https:\/\/www.medilas.ch\/#organization"},"potentialAction":[{"@type":"SearchAction","target":{"@type":"EntryPoint","urlTemplate":"https:\/\/www.medilas.ch\/?s={search_term_string}"},"query-input":"required name=search_term_string"}],"inLanguage":"de"},{"@type":"Organization","@id":"https:\/\/www.medilas.ch\/#organization","name":"Medilas AG - Bringing greater vision to everyone","url":"https:\/\/www.medilas.ch\/","sameAs":["https:\/\/ch.linkedin.com\/company\/medilas-ag","https:\/\/www.youtube.com\/channel\/UCr-j80Si7PRuen2oDG4fU_g"],"logo":{"@type":"ImageObject","inLanguage":"de","@id":"https:\/\/www.medilas.ch\/#\/schema\/logo\/image\/","url":"https:\/\/www.medilas.ch\/app\/uploads\/2022\/01\/logo-medilas-1.svg","contentUrl":"https:\/\/www.medilas.ch\/app\/uploads\/2022\/01\/logo-medilas-1.svg","width":162,"height":40,"caption":"Medilas AG - Bringing greater vision to everyone"},"image":{"@id":"https:\/\/www.medilas.ch\/#\/schema\/logo\/image\/"}}]}},"_links":{"self":[{"href":"https:\/\/www.medilas.ch\/de\/wp-json\/wp\/v2\/product\/5776","targetHints":{"allow":["GET"]}}],"collection":[{"href":"https:\/\/www.medilas.ch\/de\/wp-json\/wp\/v2\/product"}],"about":[{"href":"https:\/\/www.medilas.ch\/de\/wp-json\/wp\/v2\/types\/product"}],"version-history":[{"count":4,"href":"https:\/\/www.medilas.ch\/de\/wp-json\/wp\/v2\/product\/5776\/revisions"}],"predecessor-version":[{"id":7276,"href":"https:\/\/www.medilas.ch\/de\/wp-json\/wp\/v2\/product\/5776\/revisions\/7276"}],"wp:featuredmedia":[{"embeddable":true,"href":"https:\/\/www.medilas.ch\/de\/wp-json\/wp\/v2\/media\/5781"}],"wp:attachment":[{"href":"https:\/\/www.medilas.ch\/de\/wp-json\/wp\/v2\/media?parent=5776"}],"wp:term":[{"taxonomy":"product-category","embeddable":true,"href":"https:\/\/www.medilas.ch\/de\/wp-json\/wp\/v2\/product-category?post=5776"}],"curies":[{"name":"wp","href":"https:\/\/api.w.org\/{rel}","templated":true}]}}