{"id":6129,"date":"2024-06-04T12:56:24","date_gmt":"2024-06-04T12:56:24","guid":{"rendered":"https:\/\/www.medilas.ch\/?post_type=product&#038;p=6129"},"modified":"2025-10-30T10:14:04","modified_gmt":"2025-10-30T10:14:04","slug":"primatron-greenline","status":"publish","type":"product","link":"https:\/\/www.medilas.ch\/de\/product\/primatron-greenline\/","title":{"rendered":"Primatron GreenLine"},"content":{"rendered":"","protected":false},"excerpt":{"rendered":"","protected":false},"featured_media":6131,"template":"","meta":{"inline_featured_image":false,"footnotes":""},"product-category":[71,129,85],"class_list":["post-6129","product","type-product","status-publish","has-post-thumbnail","hentry","product-category-praxis","product-category-produkte-de","product-category-untersuchungseinheit"],"acf":[],"yoast_head":"<!-- This site is optimized with the Yoast SEO Premium plugin v19.7 (Yoast SEO v19.7.2) - https:\/\/yoast.com\/wordpress\/plugins\/seo\/ -->\n<title>Primatron GreenLine - Medilas AG - Bringing greater vision to everyone<\/title>\n<meta name=\"description\" content=\"Medilas AG - Bringing greater vision to everyone Primatron GreenLine Die Refraktionseinheit GreenLine von Primatron medical engineering vereint deutsche Ingenieurskunst, innovative Elektronik und langlebige Mechanik. Das individuell w\u00e4hlbare Design und die zukunftssichere Technik machen sie zur idealen L\u00f6sung f\u00fcr jede augen\u00e4rztliche Praxis.\" \/>\n<meta name=\"robots\" content=\"index, follow, max-snippet:-1, max-image-preview:large, max-video-preview:-1\" \/>\n<link rel=\"canonical\" href=\"https:\/\/www.medilas.ch\/de\/product\/primatron-greenline\/\" \/>\n<meta property=\"og:locale\" content=\"de_DE\" \/>\n<meta property=\"og:type\" content=\"article\" \/>\n<meta property=\"og:title\" content=\"Primatron GreenLine - Medilas AG - Bringing greater vision to everyone\" \/>\n<meta property=\"og:description\" content=\"Medilas AG - Bringing greater vision to everyone Primatron GreenLine Die Refraktionseinheit GreenLine von Primatron medical engineering vereint deutsche Ingenieurskunst, innovative Elektronik und langlebige Mechanik. Das individuell w\u00e4hlbare Design und die zukunftssichere Technik machen sie zur idealen L\u00f6sung f\u00fcr jede augen\u00e4rztliche Praxis.\" \/>\n<meta property=\"og:url\" content=\"https:\/\/www.medilas.ch\/de\/product\/primatron-greenline\/\" \/>\n<meta property=\"og:site_name\" content=\"Medilas AG - Bringing greater vision to everyone\" \/>\n<meta property=\"article:modified_time\" content=\"2025-10-30T10:14:04+00:00\" \/>\n<meta property=\"og:image\" content=\"https:\/\/www.medilas.ch\/app\/uploads\/2024\/06\/einheit_primatron_greenline_29_Medilas.webp\" \/>\n\t<meta property=\"og:image:width\" content=\"1255\" \/>\n\t<meta property=\"og:image:height\" content=\"832\" \/>\n\t<meta property=\"og:image:type\" content=\"image\/webp\" \/>\n<meta name=\"twitter:card\" content=\"summary_large_image\" \/>\n<script type=\"application\/ld+json\" class=\"yoast-schema-graph\">{\"@context\":\"https:\/\/schema.org\",\"@graph\":[{\"@type\":\"WebPage\",\"@id\":\"https:\/\/www.medilas.ch\/de\/product\/primatron-greenline\/\",\"url\":\"https:\/\/www.medilas.ch\/de\/product\/primatron-greenline\/\",\"name\":\"Primatron GreenLine - Medilas AG - Bringing greater vision to everyone\",\"isPartOf\":{\"@id\":\"https:\/\/www.medilas.ch\/#website\"},\"datePublished\":\"2024-06-04T12:56:24+00:00\",\"dateModified\":\"2025-10-30T10:14:04+00:00\",\"description\":\"Medilas AG - Bringing greater vision to everyone Primatron GreenLine Die Refraktionseinheit GreenLine von Primatron medical engineering vereint deutsche Ingenieurskunst, innovative Elektronik und langlebige Mechanik. Das individuell w\u00e4hlbare Design und die zukunftssichere Technik machen sie zur idealen L\u00f6sung f\u00fcr jede augen\u00e4rztliche Praxis.\",\"breadcrumb\":{\"@id\":\"https:\/\/www.medilas.ch\/de\/product\/primatron-greenline\/#breadcrumb\"},\"inLanguage\":\"de\",\"potentialAction\":[{\"@type\":\"ReadAction\",\"target\":[\"https:\/\/www.medilas.ch\/de\/product\/primatron-greenline\/\"]}]},{\"@type\":\"BreadcrumbList\",\"@id\":\"https:\/\/www.medilas.ch\/de\/product\/primatron-greenline\/#breadcrumb\",\"itemListElement\":[{\"@type\":\"ListItem\",\"position\":1,\"name\":\"Products\",\"item\":\"https:\/\/www.medilas.ch\/product\/\"},{\"@type\":\"ListItem\",\"position\":2,\"name\":\"Primatron GreenLine\"}]},{\"@type\":\"WebSite\",\"@id\":\"https:\/\/www.medilas.ch\/#website\",\"url\":\"https:\/\/www.medilas.ch\/\",\"name\":\"Medilas AG - Bringing greater vision to everyone\",\"description\":\"Depuis plus de 30 ans, medilas ag est un partenaire fiable dans les domaines de la chirurgie ophtalmologique, des \u00e9quipements de cabinet et ...\",\"publisher\":{\"@id\":\"https:\/\/www.medilas.ch\/#organization\"},\"potentialAction\":[{\"@type\":\"SearchAction\",\"target\":{\"@type\":\"EntryPoint\",\"urlTemplate\":\"https:\/\/www.medilas.ch\/?s={search_term_string}\"},\"query-input\":\"required name=search_term_string\"}],\"inLanguage\":\"de\"},{\"@type\":\"Organization\",\"@id\":\"https:\/\/www.medilas.ch\/#organization\",\"name\":\"Medilas AG - Bringing greater vision to everyone\",\"url\":\"https:\/\/www.medilas.ch\/\",\"sameAs\":[\"https:\/\/ch.linkedin.com\/company\/medilas-ag\",\"https:\/\/www.youtube.com\/channel\/UCr-j80Si7PRuen2oDG4fU_g\"],\"logo\":{\"@type\":\"ImageObject\",\"inLanguage\":\"de\",\"@id\":\"https:\/\/www.medilas.ch\/#\/schema\/logo\/image\/\",\"url\":\"https:\/\/www.medilas.ch\/app\/uploads\/2022\/01\/logo-medilas-1.svg\",\"contentUrl\":\"https:\/\/www.medilas.ch\/app\/uploads\/2022\/01\/logo-medilas-1.svg\",\"width\":162,\"height\":40,\"caption\":\"Medilas AG - Bringing greater vision to everyone\"},\"image\":{\"@id\":\"https:\/\/www.medilas.ch\/#\/schema\/logo\/image\/\"}}]}<\/script>\n<!-- \/ Yoast SEO Premium plugin. -->","yoast_head_json":{"title":"Primatron GreenLine - Medilas AG - Bringing greater vision to everyone","description":"Medilas AG - Bringing greater vision to everyone Primatron GreenLine Die Refraktionseinheit GreenLine von Primatron medical engineering vereint deutsche Ingenieurskunst, innovative Elektronik und langlebige Mechanik. Das individuell w\u00e4hlbare Design und die zukunftssichere Technik machen sie zur idealen L\u00f6sung f\u00fcr jede augen\u00e4rztliche Praxis.","robots":{"index":"index","follow":"follow","max-snippet":"max-snippet:-1","max-image-preview":"max-image-preview:large","max-video-preview":"max-video-preview:-1"},"canonical":"https:\/\/www.medilas.ch\/de\/product\/primatron-greenline\/","og_locale":"de_DE","og_type":"article","og_title":"Primatron GreenLine - Medilas AG - Bringing greater vision to everyone","og_description":"Medilas AG - Bringing greater vision to everyone Primatron GreenLine Die Refraktionseinheit GreenLine von Primatron medical engineering vereint deutsche Ingenieurskunst, innovative Elektronik und langlebige Mechanik. Das individuell w\u00e4hlbare Design und die zukunftssichere Technik machen sie zur idealen L\u00f6sung f\u00fcr jede augen\u00e4rztliche Praxis.","og_url":"https:\/\/www.medilas.ch\/de\/product\/primatron-greenline\/","og_site_name":"Medilas AG - Bringing greater vision to everyone","article_modified_time":"2025-10-30T10:14:04+00:00","og_image":[{"width":1255,"height":832,"url":"https:\/\/www.medilas.ch\/app\/uploads\/2024\/06\/einheit_primatron_greenline_29_Medilas.webp","type":"image\/webp"}],"twitter_card":"summary_large_image","schema":{"@context":"https:\/\/schema.org","@graph":[{"@type":"WebPage","@id":"https:\/\/www.medilas.ch\/de\/product\/primatron-greenline\/","url":"https:\/\/www.medilas.ch\/de\/product\/primatron-greenline\/","name":"Primatron GreenLine - Medilas AG - Bringing greater vision to everyone","isPartOf":{"@id":"https:\/\/www.medilas.ch\/#website"},"datePublished":"2024-06-04T12:56:24+00:00","dateModified":"2025-10-30T10:14:04+00:00","description":"Medilas AG - Bringing greater vision to everyone Primatron GreenLine Die Refraktionseinheit GreenLine von Primatron medical engineering vereint deutsche Ingenieurskunst, innovative Elektronik und langlebige Mechanik. Das individuell w\u00e4hlbare Design und die zukunftssichere Technik machen sie zur idealen L\u00f6sung f\u00fcr jede augen\u00e4rztliche Praxis.","breadcrumb":{"@id":"https:\/\/www.medilas.ch\/de\/product\/primatron-greenline\/#breadcrumb"},"inLanguage":"de","potentialAction":[{"@type":"ReadAction","target":["https:\/\/www.medilas.ch\/de\/product\/primatron-greenline\/"]}]},{"@type":"BreadcrumbList","@id":"https:\/\/www.medilas.ch\/de\/product\/primatron-greenline\/#breadcrumb","itemListElement":[{"@type":"ListItem","position":1,"name":"Products","item":"https:\/\/www.medilas.ch\/product\/"},{"@type":"ListItem","position":2,"name":"Primatron GreenLine"}]},{"@type":"WebSite","@id":"https:\/\/www.medilas.ch\/#website","url":"https:\/\/www.medilas.ch\/","name":"Medilas AG - Bringing greater vision to everyone","description":"Depuis plus de 30 ans, medilas ag est un partenaire fiable dans les domaines de la chirurgie ophtalmologique, des \u00e9quipements de cabinet et ...","publisher":{"@id":"https:\/\/www.medilas.ch\/#organization"},"potentialAction":[{"@type":"SearchAction","target":{"@type":"EntryPoint","urlTemplate":"https:\/\/www.medilas.ch\/?s={search_term_string}"},"query-input":"required name=search_term_string"}],"inLanguage":"de"},{"@type":"Organization","@id":"https:\/\/www.medilas.ch\/#organization","name":"Medilas AG - Bringing greater vision to everyone","url":"https:\/\/www.medilas.ch\/","sameAs":["https:\/\/ch.linkedin.com\/company\/medilas-ag","https:\/\/www.youtube.com\/channel\/UCr-j80Si7PRuen2oDG4fU_g"],"logo":{"@type":"ImageObject","inLanguage":"de","@id":"https:\/\/www.medilas.ch\/#\/schema\/logo\/image\/","url":"https:\/\/www.medilas.ch\/app\/uploads\/2022\/01\/logo-medilas-1.svg","contentUrl":"https:\/\/www.medilas.ch\/app\/uploads\/2022\/01\/logo-medilas-1.svg","width":162,"height":40,"caption":"Medilas AG - Bringing greater vision to everyone"},"image":{"@id":"https:\/\/www.medilas.ch\/#\/schema\/logo\/image\/"}}]}},"_links":{"self":[{"href":"https:\/\/www.medilas.ch\/de\/wp-json\/wp\/v2\/product\/6129","targetHints":{"allow":["GET"]}}],"collection":[{"href":"https:\/\/www.medilas.ch\/de\/wp-json\/wp\/v2\/product"}],"about":[{"href":"https:\/\/www.medilas.ch\/de\/wp-json\/wp\/v2\/types\/product"}],"version-history":[{"count":3,"href":"https:\/\/www.medilas.ch\/de\/wp-json\/wp\/v2\/product\/6129\/revisions"}],"predecessor-version":[{"id":8209,"href":"https:\/\/www.medilas.ch\/de\/wp-json\/wp\/v2\/product\/6129\/revisions\/8209"}],"wp:featuredmedia":[{"embeddable":true,"href":"https:\/\/www.medilas.ch\/de\/wp-json\/wp\/v2\/media\/6131"}],"wp:attachment":[{"href":"https:\/\/www.medilas.ch\/de\/wp-json\/wp\/v2\/media?parent=6129"}],"wp:term":[{"taxonomy":"product-category","embeddable":true,"href":"https:\/\/www.medilas.ch\/de\/wp-json\/wp\/v2\/product-category?post=6129"}],"curies":[{"name":"wp","href":"https:\/\/api.w.org\/{rel}","templated":true}]}}