{"id":8250,"date":"2025-11-10T10:07:52","date_gmt":"2025-11-10T10:07:52","guid":{"rendered":"https:\/\/www.medilas.ch\/?post_type=product&#038;p=8250"},"modified":"2026-02-24T09:11:40","modified_gmt":"2026-02-24T09:11:40","slug":"dorc-visionblue","status":"publish","type":"product","link":"https:\/\/www.medilas.ch\/de\/product\/dorc-visionblue\/","title":{"rendered":"DORC VisionBlue\u00ae"},"content":{"rendered":"","protected":false},"excerpt":{"rendered":"","protected":false},"featured_media":8253,"template":"","meta":{"inline_featured_image":false,"footnotes":""},"product-category":[75,110,129],"class_list":["post-8250","product","type-product","status-publish","has-post-thumbnail","hentry","product-category-chirurgie-de","product-category-farbemittel","product-category-produkte-de"],"acf":[],"yoast_head":"<!-- This site is optimized with the Yoast SEO Premium plugin v19.7 (Yoast SEO v19.7.2) - https:\/\/yoast.com\/wordpress\/plugins\/seo\/ -->\n<title>DORC VisionBlue\u00ae - Medilas AG - Bringing greater vision to everyone<\/title>\n<meta name=\"description\" content=\"Medilas AG - Bringing greater vision to everyone DORC VisionBlue\u00ae VisionBlue\u00ae ist das einzige FDA-zugelassene Trypanblau-F\u00e4rbemittel f\u00fcr die Anwendung im vorderen Augenabschnitt. Bew\u00e4hrt bei \u00fcber 10 Millionen Katarakt-Eingriffen \u2013 f\u00fcr h\u00f6chste Reinheit, Sicherheit und Performance. Medilas AG\" \/>\n<meta name=\"robots\" content=\"index, follow, max-snippet:-1, max-image-preview:large, max-video-preview:-1\" \/>\n<link rel=\"canonical\" href=\"https:\/\/www.medilas.ch\/de\/product\/dorc-visionblue\/\" \/>\n<meta property=\"og:locale\" content=\"de_DE\" \/>\n<meta property=\"og:type\" content=\"article\" \/>\n<meta property=\"og:title\" content=\"DORC VisionBlue\u00ae - Medilas AG - Bringing greater vision to everyone\" \/>\n<meta property=\"og:description\" content=\"Medilas AG - Bringing greater vision to everyone DORC VisionBlue\u00ae VisionBlue\u00ae ist das einzige FDA-zugelassene Trypanblau-F\u00e4rbemittel f\u00fcr die Anwendung im vorderen Augenabschnitt. Bew\u00e4hrt bei \u00fcber 10 Millionen Katarakt-Eingriffen \u2013 f\u00fcr h\u00f6chste Reinheit, Sicherheit und Performance. Medilas AG\" \/>\n<meta property=\"og:url\" content=\"https:\/\/www.medilas.ch\/de\/product\/dorc-visionblue\/\" \/>\n<meta property=\"og:site_name\" content=\"Medilas AG - Bringing greater vision to everyone\" \/>\n<meta property=\"article:modified_time\" content=\"2026-02-24T09:11:40+00:00\" \/>\n<meta property=\"og:image\" content=\"https:\/\/www.medilas.ch\/app\/uploads\/2025\/11\/VisionBlue\u00ae-_Medilas-AG_-scaled.webp\" \/>\n\t<meta property=\"og:image:width\" content=\"2177\" \/>\n\t<meta property=\"og:image:height\" content=\"2560\" \/>\n\t<meta property=\"og:image:type\" content=\"image\/webp\" \/>\n<meta name=\"twitter:card\" content=\"summary_large_image\" \/>\n<script type=\"application\/ld+json\" class=\"yoast-schema-graph\">{\"@context\":\"https:\/\/schema.org\",\"@graph\":[{\"@type\":\"WebPage\",\"@id\":\"https:\/\/www.medilas.ch\/de\/product\/dorc-visionblue\/\",\"url\":\"https:\/\/www.medilas.ch\/de\/product\/dorc-visionblue\/\",\"name\":\"DORC VisionBlue\u00ae - Medilas AG - Bringing greater vision to everyone\",\"isPartOf\":{\"@id\":\"https:\/\/www.medilas.ch\/#website\"},\"datePublished\":\"2025-11-10T10:07:52+00:00\",\"dateModified\":\"2026-02-24T09:11:40+00:00\",\"description\":\"Medilas AG - Bringing greater vision to everyone DORC VisionBlue\u00ae VisionBlue\u00ae ist das einzige FDA-zugelassene Trypanblau-F\u00e4rbemittel f\u00fcr die Anwendung im vorderen Augenabschnitt. Bew\u00e4hrt bei \u00fcber 10 Millionen Katarakt-Eingriffen \u2013 f\u00fcr h\u00f6chste Reinheit, Sicherheit und Performance. Medilas AG\",\"breadcrumb\":{\"@id\":\"https:\/\/www.medilas.ch\/de\/product\/dorc-visionblue\/#breadcrumb\"},\"inLanguage\":\"de\",\"potentialAction\":[{\"@type\":\"ReadAction\",\"target\":[\"https:\/\/www.medilas.ch\/de\/product\/dorc-visionblue\/\"]}]},{\"@type\":\"BreadcrumbList\",\"@id\":\"https:\/\/www.medilas.ch\/de\/product\/dorc-visionblue\/#breadcrumb\",\"itemListElement\":[{\"@type\":\"ListItem\",\"position\":1,\"name\":\"Products\",\"item\":\"https:\/\/www.medilas.ch\/product\/\"},{\"@type\":\"ListItem\",\"position\":2,\"name\":\"DORC VisionBlue\u00ae\"}]},{\"@type\":\"WebSite\",\"@id\":\"https:\/\/www.medilas.ch\/#website\",\"url\":\"https:\/\/www.medilas.ch\/\",\"name\":\"Medilas AG - Bringing greater vision to everyone\",\"description\":\"Depuis plus de 30 ans, medilas ag est un partenaire fiable dans les domaines de la chirurgie ophtalmologique, des \u00e9quipements de cabinet et ...\",\"publisher\":{\"@id\":\"https:\/\/www.medilas.ch\/#organization\"},\"potentialAction\":[{\"@type\":\"SearchAction\",\"target\":{\"@type\":\"EntryPoint\",\"urlTemplate\":\"https:\/\/www.medilas.ch\/?s={search_term_string}\"},\"query-input\":\"required name=search_term_string\"}],\"inLanguage\":\"de\"},{\"@type\":\"Organization\",\"@id\":\"https:\/\/www.medilas.ch\/#organization\",\"name\":\"Medilas AG - Bringing greater vision to everyone\",\"url\":\"https:\/\/www.medilas.ch\/\",\"sameAs\":[\"https:\/\/ch.linkedin.com\/company\/medilas-ag\",\"https:\/\/www.youtube.com\/channel\/UCr-j80Si7PRuen2oDG4fU_g\"],\"logo\":{\"@type\":\"ImageObject\",\"inLanguage\":\"de\",\"@id\":\"https:\/\/www.medilas.ch\/#\/schema\/logo\/image\/\",\"url\":\"https:\/\/www.medilas.ch\/app\/uploads\/2022\/01\/logo-medilas-1.svg\",\"contentUrl\":\"https:\/\/www.medilas.ch\/app\/uploads\/2022\/01\/logo-medilas-1.svg\",\"width\":162,\"height\":40,\"caption\":\"Medilas AG - Bringing greater vision to everyone\"},\"image\":{\"@id\":\"https:\/\/www.medilas.ch\/#\/schema\/logo\/image\/\"}}]}<\/script>\n<!-- \/ Yoast SEO Premium plugin. -->","yoast_head_json":{"title":"DORC VisionBlue\u00ae - Medilas AG - Bringing greater vision to everyone","description":"Medilas AG - Bringing greater vision to everyone DORC VisionBlue\u00ae VisionBlue\u00ae ist das einzige FDA-zugelassene Trypanblau-F\u00e4rbemittel f\u00fcr die Anwendung im vorderen Augenabschnitt. Bew\u00e4hrt bei \u00fcber 10 Millionen Katarakt-Eingriffen \u2013 f\u00fcr h\u00f6chste Reinheit, Sicherheit und Performance. Medilas AG","robots":{"index":"index","follow":"follow","max-snippet":"max-snippet:-1","max-image-preview":"max-image-preview:large","max-video-preview":"max-video-preview:-1"},"canonical":"https:\/\/www.medilas.ch\/de\/product\/dorc-visionblue\/","og_locale":"de_DE","og_type":"article","og_title":"DORC VisionBlue\u00ae - Medilas AG - Bringing greater vision to everyone","og_description":"Medilas AG - Bringing greater vision to everyone DORC VisionBlue\u00ae VisionBlue\u00ae ist das einzige FDA-zugelassene Trypanblau-F\u00e4rbemittel f\u00fcr die Anwendung im vorderen Augenabschnitt. Bew\u00e4hrt bei \u00fcber 10 Millionen Katarakt-Eingriffen \u2013 f\u00fcr h\u00f6chste Reinheit, Sicherheit und Performance. Medilas AG","og_url":"https:\/\/www.medilas.ch\/de\/product\/dorc-visionblue\/","og_site_name":"Medilas AG - Bringing greater vision to everyone","article_modified_time":"2026-02-24T09:11:40+00:00","og_image":[{"width":2177,"height":2560,"url":"https:\/\/www.medilas.ch\/app\/uploads\/2025\/11\/VisionBlue\u00ae-_Medilas-AG_-scaled.webp","type":"image\/webp"}],"twitter_card":"summary_large_image","schema":{"@context":"https:\/\/schema.org","@graph":[{"@type":"WebPage","@id":"https:\/\/www.medilas.ch\/de\/product\/dorc-visionblue\/","url":"https:\/\/www.medilas.ch\/de\/product\/dorc-visionblue\/","name":"DORC VisionBlue\u00ae - Medilas AG - Bringing greater vision to everyone","isPartOf":{"@id":"https:\/\/www.medilas.ch\/#website"},"datePublished":"2025-11-10T10:07:52+00:00","dateModified":"2026-02-24T09:11:40+00:00","description":"Medilas AG - Bringing greater vision to everyone DORC VisionBlue\u00ae VisionBlue\u00ae ist das einzige FDA-zugelassene Trypanblau-F\u00e4rbemittel f\u00fcr die Anwendung im vorderen Augenabschnitt. Bew\u00e4hrt bei \u00fcber 10 Millionen Katarakt-Eingriffen \u2013 f\u00fcr h\u00f6chste Reinheit, Sicherheit und Performance. Medilas AG","breadcrumb":{"@id":"https:\/\/www.medilas.ch\/de\/product\/dorc-visionblue\/#breadcrumb"},"inLanguage":"de","potentialAction":[{"@type":"ReadAction","target":["https:\/\/www.medilas.ch\/de\/product\/dorc-visionblue\/"]}]},{"@type":"BreadcrumbList","@id":"https:\/\/www.medilas.ch\/de\/product\/dorc-visionblue\/#breadcrumb","itemListElement":[{"@type":"ListItem","position":1,"name":"Products","item":"https:\/\/www.medilas.ch\/product\/"},{"@type":"ListItem","position":2,"name":"DORC VisionBlue\u00ae"}]},{"@type":"WebSite","@id":"https:\/\/www.medilas.ch\/#website","url":"https:\/\/www.medilas.ch\/","name":"Medilas AG - Bringing greater vision to everyone","description":"Depuis plus de 30 ans, medilas ag est un partenaire fiable dans les domaines de la chirurgie ophtalmologique, des \u00e9quipements de cabinet et ...","publisher":{"@id":"https:\/\/www.medilas.ch\/#organization"},"potentialAction":[{"@type":"SearchAction","target":{"@type":"EntryPoint","urlTemplate":"https:\/\/www.medilas.ch\/?s={search_term_string}"},"query-input":"required name=search_term_string"}],"inLanguage":"de"},{"@type":"Organization","@id":"https:\/\/www.medilas.ch\/#organization","name":"Medilas AG - Bringing greater vision to everyone","url":"https:\/\/www.medilas.ch\/","sameAs":["https:\/\/ch.linkedin.com\/company\/medilas-ag","https:\/\/www.youtube.com\/channel\/UCr-j80Si7PRuen2oDG4fU_g"],"logo":{"@type":"ImageObject","inLanguage":"de","@id":"https:\/\/www.medilas.ch\/#\/schema\/logo\/image\/","url":"https:\/\/www.medilas.ch\/app\/uploads\/2022\/01\/logo-medilas-1.svg","contentUrl":"https:\/\/www.medilas.ch\/app\/uploads\/2022\/01\/logo-medilas-1.svg","width":162,"height":40,"caption":"Medilas AG - Bringing greater vision to everyone"},"image":{"@id":"https:\/\/www.medilas.ch\/#\/schema\/logo\/image\/"}}]}},"_links":{"self":[{"href":"https:\/\/www.medilas.ch\/de\/wp-json\/wp\/v2\/product\/8250","targetHints":{"allow":["GET"]}}],"collection":[{"href":"https:\/\/www.medilas.ch\/de\/wp-json\/wp\/v2\/product"}],"about":[{"href":"https:\/\/www.medilas.ch\/de\/wp-json\/wp\/v2\/types\/product"}],"version-history":[{"count":5,"href":"https:\/\/www.medilas.ch\/de\/wp-json\/wp\/v2\/product\/8250\/revisions"}],"predecessor-version":[{"id":8269,"href":"https:\/\/www.medilas.ch\/de\/wp-json\/wp\/v2\/product\/8250\/revisions\/8269"}],"wp:featuredmedia":[{"embeddable":true,"href":"https:\/\/www.medilas.ch\/de\/wp-json\/wp\/v2\/media\/8253"}],"wp:attachment":[{"href":"https:\/\/www.medilas.ch\/de\/wp-json\/wp\/v2\/media?parent=8250"}],"wp:term":[{"taxonomy":"product-category","embeddable":true,"href":"https:\/\/www.medilas.ch\/de\/wp-json\/wp\/v2\/product-category?post=8250"}],"curies":[{"name":"wp","href":"https:\/\/api.w.org\/{rel}","templated":true}]}}